{"id":13298,"date":"2026-03-05T07:35:19","date_gmt":"2026-03-05T07:35:19","guid":{"rendered":"https:\/\/goodsmarketplaces.shop\/?post_type=product&#038;p=13298"},"modified":"2026-03-05T07:44:31","modified_gmt":"2026-03-05T07:44:31","slug":"ine-probiotics-gummies-all-in-one-solution-with-slippery-elm-and-prebioticslactobacillus-probiotic-blend-for-womens-ph-balance-and-dryness-hawaiian-pineapple-gummies-60-count-probiotics-w","status":"publish","type":"product","link":"https:\/\/goodsmarketplaces.shop\/es\/producto\/ine-probiotics-gummies-all-in-one-solution-with-slippery-elm-and-prebioticslactobacillus-probiotic-blend-for-womens-ph-balance-and-dryness-hawaiian-pineapple-gummies-60-count-probiotics-w\/","title":{"rendered":"ine Probiotics Gummies- All in One Solution with Slippery Elm and Prebiotics&amp;Lactobacillus Probiotic Blend for Women's pH Balance and Dryness - Hawaiian Pineapple Gummies 60 Count probiotics womenLEEFAR Her Juicy Feminine Probiotics Gummies- All in One Solution with Slippery Elm and Prebiotics&amp;Lactobacillus Probiotic Blend for Women's pH Balance and Dryness - Hawaiian Pineapple Gummies 60 Count probiotics women"},"content":{"rendered":"<div data-elementor-type=\"product-post\" data-elementor-id=\"13298\" class=\"elementor elementor-13298\" data-elementor-post-type=\"product\">\n\t\t\t\t<div class=\"elementor-element elementor-element-60810025 e-flex e-con-boxed e-con e-parent\" data-id=\"60810025\" data-element_type=\"container\" data-settings=\"{&quot;ekit_has_onepagescroll_dot&quot;:&quot;yes&quot;}\">\n\t\t\t\t\t<div class=\"e-con-inner\">\n\t\t<div class=\"elementor-element elementor-element-7e7e7cdd e-con-full e-flex e-con e-child\" data-id=\"7e7e7cdd\" data-element_type=\"container\" data-settings=\"{&quot;ekit_has_onepagescroll_dot&quot;:&quot;yes&quot;}\">\n\t\t<div class=\"elementor-element elementor-element-22104de9 e-grid e-con-full e-con e-child\" data-id=\"22104de9\" data-element_type=\"container\" data-settings=\"{&quot;ekit_has_onepagescroll_dot&quot;:&quot;yes&quot;}\">\n\t\t\t\t<div class=\"elementor-element elementor-element-186dad87 elementor-widget elementor-widget-video\" data-id=\"186dad87\" data-element_type=\"widget\" data-settings=\"{&quot;video_type&quot;:&quot;hosted&quot;,&quot;controls&quot;:&quot;yes&quot;,&quot;ekit_we_effect_on&quot;:&quot;none&quot;}\" data-widget_type=\"video.default\">\n\t\t\t\t<div class=\"elementor-widget-container\">\n\t\t\t\t\t\t\t<div class=\"e-hosted-video elementor-wrapper elementor-open-inline\">\n\t\t\t\t\t<video class=\"elementor-video\" src=\"https:\/\/goodsmarketplaces.shop\/wp-content\/uploads\/2026\/03\/video_2026-03-05_11-13-26.mp4\" controls=\"\" preload=\"metadata\" controlslist=\"nodownload\"><\/video>\n\t\t\t\t<\/div>\n\t\t\t\t\t\t<\/div>\n\t\t\t\t<\/div>\n\t\t\t\t<div class=\"elementor-element elementor-element-6c17dd79 elementor-widget elementor-widget-text-editor\" data-id=\"6c17dd79\" data-element_type=\"widget\" data-settings=\"{&quot;ekit_we_effect_on&quot;:&quot;none&quot;}\" data-widget_type=\"text-editor.default\">\n\t\t\t\t<div class=\"elementor-widget-container\">\n\t\t\t\t\t\t\t\t\tLo m\u00e1s destacado\n<div class=\"product-table\">\n<div class=\"product-row\">\n<div class=\"product-label\">Sabor<\/div>\n<div class=\"product-value\">Pi\u00f1a<\/div>\n<\/div>\n<div class=\"product-row\">\n<div class=\"product-label\">Recuento de unidades<\/div>\n<div class=\"product-value\">60 recuentos<\/div>\n<\/div>\n<div class=\"product-row\">\n<div class=\"product-label\">Formulario<\/div>\n<div class=\"product-value\">Gominola<\/div>\n<\/div>\n<div class=\"product-row\">\n<div class=\"product-label\">Ventajas del producto<\/div>\n<div class=\"product-value\">Apoyo a la salud intestinal<\/div>\n<\/div>\n<div class=\"product-row\">\n<div class=\"product-label\">N\u00famero de art\u00edculos<\/div>\n<div class=\"product-value\">1<\/div>\n<\/div>\n<\/div>\n<style>\n.product-table {\nwidth: 100%;\nborder-top: 1px solid #000;\nfont-family: Arial, sans-serif;\n}\n.product-row {\ndisplay: flex;\nborder-bottom: 1px solid #000;\npadding: 12px 0;\n}\n.product-label {\nflex: 1;\nfont-weight: bold;\nmin-width: 200px;\npadding-right: 20px;\n}\n.product-value {\nflex: 1;\nmin-width: 200px;\n}\n<\/style>\t\t\t\t\t\t\t\t<\/div>\n\t\t\t\t<\/div>\n\t\t\t\t<\/div>\n\t\t\t\t<\/div>\n\t\t\t\t<div class=\"elementor-element elementor-element-3ecfc769 elementor-widget elementor-widget-image\" data-id=\"3ecfc769\" data-element_type=\"widget\" data-settings=\"{&quot;ekit_we_effect_on&quot;:&quot;none&quot;}\" data-widget_type=\"image.default\">\n\t\t\t\t<div class=\"elementor-widget-container\">\n\t\t\t\t\t\t\t\t\t\t\t\t\t\t\t<img loading=\"lazy\" decoding=\"async\" width=\"970\" height=\"300\" src=\"https:\/\/goodsmarketplaces.shop\/wp-content\/uploads\/2026\/03\/1-10.jpg\" class=\"attachment-large size-large wp-image-13311 wvs-archive-product-image\" alt=\"\" srcset=\"https:\/\/goodsmarketplaces.shop\/wp-content\/uploads\/2026\/03\/1-10.jpg 970w, https:\/\/goodsmarketplaces.shop\/wp-content\/uploads\/2026\/03\/1-10-300x93.jpg 300w, https:\/\/goodsmarketplaces.shop\/wp-content\/uploads\/2026\/03\/1-10-768x238.jpg 768w, https:\/\/goodsmarketplaces.shop\/wp-content\/uploads\/2026\/03\/1-10-18x6.jpg 18w, https:\/\/goodsmarketplaces.shop\/wp-content\/uploads\/2026\/03\/1-10-600x186.jpg 600w, https:\/\/goodsmarketplaces.shop\/wp-content\/uploads\/2026\/03\/1-10-1x1.jpg 1w, https:\/\/goodsmarketplaces.shop\/wp-content\/uploads\/2026\/03\/1-10-10x3.jpg 10w\" sizes=\"auto, (max-width: 970px) 100vw, 970px\" \/>\t\t\t\t\t\t\t\t\t\t\t\t\t\t\t<\/div>\n\t\t\t\t<\/div>\n\t\t<div class=\"elementor-element elementor-element-30eea2af e-con-full e-flex e-con e-child\" data-id=\"30eea2af\" data-element_type=\"container\" data-settings=\"{&quot;ekit_has_onepagescroll_dot&quot;:&quot;yes&quot;}\">\n\t\t<div class=\"elementor-element elementor-element-5488954c e-grid e-con-full e-con e-child\" data-id=\"5488954c\" data-element_type=\"container\" data-settings=\"{&quot;ekit_has_onepagescroll_dot&quot;:&quot;yes&quot;}\">\n\t\t\t\t<div class=\"elementor-element elementor-element-7733ac79 elementor-position-top elementor-widget elementor-widget-image-box\" data-id=\"7733ac79\" data-element_type=\"widget\" data-settings=\"{&quot;ekit_we_effect_on&quot;:&quot;none&quot;}\" data-widget_type=\"image-box.default\">\n\t\t\t\t<div class=\"elementor-widget-container\">\n\t\t\t\t\t<div class=\"elementor-image-box-wrapper\"><figure class=\"elementor-image-box-img\"><img loading=\"lazy\" decoding=\"async\" width=\"800\" height=\"800\" src=\"https:\/\/goodsmarketplaces.shop\/wp-content\/uploads\/2026\/03\/10c0e362e8a942218a54af84afd4b56ctplv-omjb5zjo8w-resize-jpeg_800_800.jpg\" class=\"attachment-full size-full wp-image-13312 wvs-archive-product-image\" alt=\"\" srcset=\"https:\/\/goodsmarketplaces.shop\/wp-content\/uploads\/2026\/03\/10c0e362e8a942218a54af84afd4b56ctplv-omjb5zjo8w-resize-jpeg_800_800.jpg 800w, https:\/\/goodsmarketplaces.shop\/wp-content\/uploads\/2026\/03\/10c0e362e8a942218a54af84afd4b56ctplv-omjb5zjo8w-resize-jpeg_800_800-300x300.jpg 300w, https:\/\/goodsmarketplaces.shop\/wp-content\/uploads\/2026\/03\/10c0e362e8a942218a54af84afd4b56ctplv-omjb5zjo8w-resize-jpeg_800_800-150x150.jpg 150w, https:\/\/goodsmarketplaces.shop\/wp-content\/uploads\/2026\/03\/10c0e362e8a942218a54af84afd4b56ctplv-omjb5zjo8w-resize-jpeg_800_800-768x768.jpg 768w, https:\/\/goodsmarketplaces.shop\/wp-content\/uploads\/2026\/03\/10c0e362e8a942218a54af84afd4b56ctplv-omjb5zjo8w-resize-jpeg_800_800-12x12.jpg 12w, https:\/\/goodsmarketplaces.shop\/wp-content\/uploads\/2026\/03\/10c0e362e8a942218a54af84afd4b56ctplv-omjb5zjo8w-resize-jpeg_800_800-600x600.jpg 600w, https:\/\/goodsmarketplaces.shop\/wp-content\/uploads\/2026\/03\/10c0e362e8a942218a54af84afd4b56ctplv-omjb5zjo8w-resize-jpeg_800_800-100x100.jpg 100w, https:\/\/goodsmarketplaces.shop\/wp-content\/uploads\/2026\/03\/10c0e362e8a942218a54af84afd4b56ctplv-omjb5zjo8w-resize-jpeg_800_800-50x50.jpg 50w, https:\/\/goodsmarketplaces.shop\/wp-content\/uploads\/2026\/03\/10c0e362e8a942218a54af84afd4b56ctplv-omjb5zjo8w-resize-jpeg_800_800-1x1.jpg 1w, https:\/\/goodsmarketplaces.shop\/wp-content\/uploads\/2026\/03\/10c0e362e8a942218a54af84afd4b56ctplv-omjb5zjo8w-resize-jpeg_800_800-10x10.jpg 10w\" sizes=\"auto, (max-width: 800px) 100vw, 800px\" \/><\/figure><div class=\"elementor-image-box-content\"><h3 class=\"elementor-image-box-title\">Guardi\u00e1n de la salud \u00edntima: equilibrio del pH y la flora<\/h3><p class=\"elementor-image-box-description\">\u00bfProblemas ocasionales de olor o molestias? Estas gominolas est\u00e1n dise\u00f1adas para favorecer el equilibrio del pH y el control de los hongos. Al reponer las bacterias beneficiosas, ayudan a mantener un entorno \u00e1cido \u00f3ptimo en la zona vaginal, que es esencial para prevenir el crecimiento excesivo de bacterias no deseadas y controlar los olores desagradables.<\/p><\/div><\/div>\t\t\t\t<\/div>\n\t\t\t\t<\/div>\n\t\t\t\t<div class=\"elementor-element elementor-element-7d41fc25 elementor-position-top elementor-widget elementor-widget-image-box\" data-id=\"7d41fc25\" data-element_type=\"widget\" data-settings=\"{&quot;ekit_we_effect_on&quot;:&quot;none&quot;}\" data-widget_type=\"image-box.default\">\n\t\t\t\t<div class=\"elementor-widget-container\">\n\t\t\t\t\t<div class=\"elementor-image-box-wrapper\"><figure class=\"elementor-image-box-img\"><img loading=\"lazy\" decoding=\"async\" width=\"800\" height=\"800\" src=\"https:\/\/goodsmarketplaces.shop\/wp-content\/uploads\/2026\/03\/1d38ce3b1f804f3fa8a6194c41974230tplv-omjb5zjo8w-resize-jpeg_800_800.jpg\" class=\"attachment-full size-full wp-image-13313 wvs-archive-product-image\" alt=\"\" srcset=\"https:\/\/goodsmarketplaces.shop\/wp-content\/uploads\/2026\/03\/1d38ce3b1f804f3fa8a6194c41974230tplv-omjb5zjo8w-resize-jpeg_800_800.jpg 800w, https:\/\/goodsmarketplaces.shop\/wp-content\/uploads\/2026\/03\/1d38ce3b1f804f3fa8a6194c41974230tplv-omjb5zjo8w-resize-jpeg_800_800-300x300.jpg 300w, https:\/\/goodsmarketplaces.shop\/wp-content\/uploads\/2026\/03\/1d38ce3b1f804f3fa8a6194c41974230tplv-omjb5zjo8w-resize-jpeg_800_800-150x150.jpg 150w, https:\/\/goodsmarketplaces.shop\/wp-content\/uploads\/2026\/03\/1d38ce3b1f804f3fa8a6194c41974230tplv-omjb5zjo8w-resize-jpeg_800_800-768x768.jpg 768w, https:\/\/goodsmarketplaces.shop\/wp-content\/uploads\/2026\/03\/1d38ce3b1f804f3fa8a6194c41974230tplv-omjb5zjo8w-resize-jpeg_800_800-12x12.jpg 12w, https:\/\/goodsmarketplaces.shop\/wp-content\/uploads\/2026\/03\/1d38ce3b1f804f3fa8a6194c41974230tplv-omjb5zjo8w-resize-jpeg_800_800-600x600.jpg 600w, https:\/\/goodsmarketplaces.shop\/wp-content\/uploads\/2026\/03\/1d38ce3b1f804f3fa8a6194c41974230tplv-omjb5zjo8w-resize-jpeg_800_800-100x100.jpg 100w, https:\/\/goodsmarketplaces.shop\/wp-content\/uploads\/2026\/03\/1d38ce3b1f804f3fa8a6194c41974230tplv-omjb5zjo8w-resize-jpeg_800_800-50x50.jpg 50w, https:\/\/goodsmarketplaces.shop\/wp-content\/uploads\/2026\/03\/1d38ce3b1f804f3fa8a6194c41974230tplv-omjb5zjo8w-resize-jpeg_800_800-1x1.jpg 1w, https:\/\/goodsmarketplaces.shop\/wp-content\/uploads\/2026\/03\/1d38ce3b1f804f3fa8a6194c41974230tplv-omjb5zjo8w-resize-jpeg_800_800-10x10.jpg 10w\" sizes=\"auto, (max-width: 800px) 100vw, 800px\" \/><\/figure><div class=\"elementor-image-box-content\"><h3 class=\"elementor-image-box-title\">El poder del olmo resbaladizo<\/h3><p class=\"elementor-image-box-description\">Lo que diferencia a LEEFAR es la inclusi\u00f3n del Olmo Resbaladizo. Este ingrediente natural act\u00faa en sinergia con los probi\u00f3ticos para calmar e hidratar los tejidos \u00edntimos. Ayuda a mantener el equilibrio h\u00eddrico y la salud de los tejidos, aliviando las molestias y mejorando la eficacia general de los probi\u00f3ticos.<\/p><\/div><\/div>\t\t\t\t<\/div>\n\t\t\t\t<\/div>\n\t\t\t\t<div class=\"elementor-element elementor-element-63f7171b elementor-position-top elementor-widget elementor-widget-image-box\" data-id=\"63f7171b\" data-element_type=\"widget\" data-settings=\"{&quot;ekit_we_effect_on&quot;:&quot;none&quot;}\" data-widget_type=\"image-box.default\">\n\t\t\t\t<div class=\"elementor-widget-container\">\n\t\t\t\t\t<div class=\"elementor-image-box-wrapper\"><figure class=\"elementor-image-box-img\"><img loading=\"lazy\" decoding=\"async\" width=\"1200\" height=\"1200\" src=\"https:\/\/goodsmarketplaces.shop\/wp-content\/uploads\/2026\/03\/61NZf0KwwSL._AC_SL1200_.jpg\" class=\"attachment-full size-full wp-image-13314 wvs-archive-product-image\" alt=\"\" srcset=\"https:\/\/goodsmarketplaces.shop\/wp-content\/uploads\/2026\/03\/61NZf0KwwSL._AC_SL1200_.jpg 1200w, https:\/\/goodsmarketplaces.shop\/wp-content\/uploads\/2026\/03\/61NZf0KwwSL._AC_SL1200_-300x300.jpg 300w, https:\/\/goodsmarketplaces.shop\/wp-content\/uploads\/2026\/03\/61NZf0KwwSL._AC_SL1200_-1024x1024.jpg 1024w, https:\/\/goodsmarketplaces.shop\/wp-content\/uploads\/2026\/03\/61NZf0KwwSL._AC_SL1200_-150x150.jpg 150w, https:\/\/goodsmarketplaces.shop\/wp-content\/uploads\/2026\/03\/61NZf0KwwSL._AC_SL1200_-768x768.jpg 768w, https:\/\/goodsmarketplaces.shop\/wp-content\/uploads\/2026\/03\/61NZf0KwwSL._AC_SL1200_-12x12.jpg 12w, https:\/\/goodsmarketplaces.shop\/wp-content\/uploads\/2026\/03\/61NZf0KwwSL._AC_SL1200_-600x600.jpg 600w, https:\/\/goodsmarketplaces.shop\/wp-content\/uploads\/2026\/03\/61NZf0KwwSL._AC_SL1200_-100x100.jpg 100w, https:\/\/goodsmarketplaces.shop\/wp-content\/uploads\/2026\/03\/61NZf0KwwSL._AC_SL1200_-50x50.jpg 50w, https:\/\/goodsmarketplaces.shop\/wp-content\/uploads\/2026\/03\/61NZf0KwwSL._AC_SL1200_-1x1.jpg 1w, https:\/\/goodsmarketplaces.shop\/wp-content\/uploads\/2026\/03\/61NZf0KwwSL._AC_SL1200_-10x10.jpg 10w\" sizes=\"auto, (max-width: 1200px) 100vw, 1200px\" \/><\/figure><div class=\"elementor-image-box-content\"><h3 class=\"elementor-image-box-title\">F\u00f3rmula de doble acci\u00f3n: Salud interior y cuidado exterior<\/h3><p class=\"elementor-image-box-description\">Las Gominolas Probi\u00f3ticas LEEFAR para la Mujer van m\u00e1s all\u00e1 del apoyo b\u00e1sico a la digesti\u00f3n. Espec\u00edficamente formuladas para la mujer moderna, estas gominolas se centran en la conexi\u00f3n entre la salud intestinal y el bienestar vaginal. Al combinar potentes probi\u00f3ticos con extractos naturales, act\u00faan desde el interior para restaurar la armon\u00eda natural de su cuerpo.<\/p><\/div><\/div>\t\t\t\t<\/div>\n\t\t\t\t<\/div>\n\t\t\t\t<\/div>\n\t\t\t\t<\/div>\n\t\t<div class=\"elementor-element elementor-element-2efdf95e e-con-full e-flex e-con e-child\" data-id=\"2efdf95e\" data-element_type=\"container\" data-settings=\"{&quot;ekit_has_onepagescroll_dot&quot;:&quot;yes&quot;}\">\n\t\t\t\t<div class=\"elementor-element elementor-element-7d687985 elementor--h-position-center elementor--v-position-middle elementor-arrows-position-inside elementor-pagination-position-inside elementor-widget elementor-widget-slides\" data-id=\"7d687985\" data-element_type=\"widget\" data-settings=\"{&quot;navigation&quot;:&quot;both&quot;,&quot;autoplay&quot;:&quot;yes&quot;,&quot;pause_on_hover&quot;:&quot;yes&quot;,&quot;pause_on_interaction&quot;:&quot;yes&quot;,&quot;autoplay_speed&quot;:5000,&quot;infinite&quot;:&quot;yes&quot;,&quot;transition&quot;:&quot;slide&quot;,&quot;transition_speed&quot;:500,&quot;ekit_we_effect_on&quot;:&quot;none&quot;}\" data-widget_type=\"slides.default\">\n\t\t\t\t<div class=\"elementor-widget-container\">\n\t\t\t\t\t\t\t\t\t<div class=\"elementor-swiper\">\r\n\t\t\t\t\t<div class=\"elementor-slides-wrapper elementor-main-swiper swiper\" role=\"region\" aria-roledescription=\"carousel\" aria-label=\"Diapositivas\" dir=\"ltr\" data-animation=\"fadeInUp\">\r\n\t\t\t\t<div class=\"swiper-wrapper elementor-slides\">\r\n\t\t\t\t\t\t\t\t\t\t<div class=\"elementor-repeater-item-75d4869 swiper-slide\" role=\"group\" aria-roledescription=\"slide\"><div class=\"swiper-slide-bg\" role=\"img\" aria-label=\"4-6.jpg\"><\/div><div class=\"swiper-slide-inner\" ><div class=\"swiper-slide-contents\"><\/div><\/div><\/div><div class=\"elementor-repeater-item-5cca081 swiper-slide\" role=\"group\" aria-roledescription=\"slide\"><div class=\"swiper-slide-bg\" role=\"img\" aria-label=\"3-6.jpg\"><\/div><div class=\"swiper-slide-inner\" ><div class=\"swiper-slide-contents\"><\/div><\/div><\/div><div class=\"elementor-repeater-item-5bf60ae swiper-slide\" role=\"group\" aria-roledescription=\"slide\"><div class=\"swiper-slide-bg\" role=\"img\" aria-label=\"2-6.jpg\"><\/div><div class=\"swiper-slide-inner\" ><div class=\"swiper-slide-contents\"><\/div><\/div><\/div>\t\t\t\t<\/div>\r\n\t\t\t\t\t\t\t\t\t\t\t\t\t\t\t<div class=\"elementor-swiper-button elementor-swiper-button-prev\" role=\"button\" tabindex=\"0\" aria-label=\"Diapositiva anterior\">\r\n\t\t\t\t\t\t\t<svg aria-hidden=\"true\" class=\"e-font-icon-svg e-eicon-chevron-left\" viewbox=\"0 0 1000 1000\" xmlns=\"http:\/\/www.w3.org\/2000\/svg\"><path d=\"M646 125C629 125 613 133 604 142L308 442C296 454 292 471 292 487 292 504 296 521 308 533L604 854C617 867 629 875 646 875 663 875 679 871 692 858 704 846 713 829 713 812 713 796 708 779 692 767L438 487 692 225C700 217 708 204 708 187 708 171 704 154 692 142 675 129 663 125 646 125Z\"><\/path><\/svg>\t\t\t\t\t\t<\/div>\r\n\t\t\t\t\t\t<div class=\"elementor-swiper-button elementor-swiper-button-next\" role=\"button\" tabindex=\"0\" aria-label=\"Siguiente diapositiva\">\r\n\t\t\t\t\t\t\t<svg aria-hidden=\"true\" class=\"e-font-icon-svg e-eicon-chevron-right\" viewbox=\"0 0 1000 1000\" xmlns=\"http:\/\/www.w3.org\/2000\/svg\"><path d=\"M696 533C708 521 713 504 713 487 713 471 708 454 696 446L400 146C388 133 375 125 354 125 338 125 325 129 313 142 300 154 292 171 292 187 292 204 296 221 308 233L563 492 304 771C292 783 288 800 288 817 288 833 296 850 308 863 321 871 338 875 354 875 371 875 388 867 400 854L696 533Z\"><\/path><\/svg>\t\t\t\t\t\t<\/div>\r\n\t\t\t\t\t\t\t\t\t\t\t\t\t\t\t\t<div class=\"swiper-pagination\"><\/div>\r\n\t\t\t\t\t\t\t\t\t\t\t\t<\/div>\r\n\t\t\t\t<\/div>\r\n\t\t\t\t\t\t\t\t<\/div>\n\t\t\t\t<\/div>\n\t\t\t\t<\/div>\n\t\t<div class=\"elementor-element elementor-element-1f27184f e-con-full e-flex e-con e-child\" data-id=\"1f27184f\" data-element_type=\"container\" data-settings=\"{&quot;ekit_has_onepagescroll_dot&quot;:&quot;yes&quot;}\">\n\t\t\t\t<div class=\"elementor-element elementor-element-f5547bf elementor-widget elementor-widget-image\" data-id=\"f5547bf\" data-element_type=\"widget\" data-settings=\"{&quot;ekit_we_effect_on&quot;:&quot;none&quot;}\" data-widget_type=\"image.default\">\n\t\t\t\t<div class=\"elementor-widget-container\">\n\t\t\t\t\t\t\t\t\t\t\t\t\t\t\t<img loading=\"lazy\" decoding=\"async\" width=\"970\" height=\"600\" src=\"https:\/\/goodsmarketplaces.shop\/wp-content\/uploads\/2026\/03\/5-6.jpg\" class=\"attachment-large size-large wp-image-13318 wvs-archive-product-image\" alt=\"\" srcset=\"https:\/\/goodsmarketplaces.shop\/wp-content\/uploads\/2026\/03\/5-6.jpg 970w, https:\/\/goodsmarketplaces.shop\/wp-content\/uploads\/2026\/03\/5-6-300x186.jpg 300w, https:\/\/goodsmarketplaces.shop\/wp-content\/uploads\/2026\/03\/5-6-768x475.jpg 768w, https:\/\/goodsmarketplaces.shop\/wp-content\/uploads\/2026\/03\/5-6-18x12.jpg 18w, https:\/\/goodsmarketplaces.shop\/wp-content\/uploads\/2026\/03\/5-6-600x371.jpg 600w, https:\/\/goodsmarketplaces.shop\/wp-content\/uploads\/2026\/03\/5-6-1x1.jpg 1w, https:\/\/goodsmarketplaces.shop\/wp-content\/uploads\/2026\/03\/5-6-10x6.jpg 10w\" sizes=\"auto, (max-width: 970px) 100vw, 970px\" \/>\t\t\t\t\t\t\t\t\t\t\t\t\t\t\t<\/div>\n\t\t\t\t<\/div>\n\t\t\t\t<div class=\"elementor-element elementor-element-19e7f848 elementor-widget elementor-widget-heading\" data-id=\"19e7f848\" data-element_type=\"widget\" data-settings=\"{&quot;ekit_we_effect_on&quot;:&quot;none&quot;}\" data-widget_type=\"heading.default\">\n\t\t\t\t<div class=\"elementor-widget-container\">\n\t\t\t\t\t<h2 class=\"elementor-heading-title elementor-size-default\">Guardi\u00e1n de la salud \u00edntima: equilibrio del pH y la flora<\/h2>\t\t\t\t<\/div>\n\t\t\t\t<\/div>\n\t\t\t\t<div class=\"elementor-element elementor-element-3c7e1d6e elementor-widget elementor-widget-text-editor\" data-id=\"3c7e1d6e\" data-element_type=\"widget\" data-settings=\"{&quot;ekit_we_effect_on&quot;:&quot;none&quot;}\" data-widget_type=\"text-editor.default\">\n\t\t\t\t<div class=\"elementor-widget-container\">\n\t\t\t\t\t\t\t\t\t<p>\u00bfProblemas ocasionales con el olor o las molestias? Estas gominolas est\u00e1n dise\u00f1adas para\u00a0<strong>Equilibrio del pH<\/strong>\u00a0y\u00a0<strong>control de la levadura<\/strong>. Al reponer las bacterias beneficiosas, ayudan a mantener un entorno \u00e1cido \u00f3ptimo en la zona vaginal, que es esencial para prevenir el crecimiento excesivo de bacterias no deseadas y controlar los malos olores.<\/p>\t\t\t\t\t\t\t\t<\/div>\n\t\t\t\t<\/div>\n\t\t\t\t<div class=\"elementor-element elementor-element-2b21b484 elementor-widget elementor-widget-image\" data-id=\"2b21b484\" data-element_type=\"widget\" data-settings=\"{&quot;ekit_we_effect_on&quot;:&quot;none&quot;}\" data-widget_type=\"image.default\">\n\t\t\t\t<div class=\"elementor-widget-container\">\n\t\t\t\t\t\t\t\t\t\t\t\t\t\t\t<img loading=\"lazy\" decoding=\"async\" width=\"970\" height=\"600\" src=\"https:\/\/goodsmarketplaces.shop\/wp-content\/uploads\/2026\/03\/6-5.jpg\" class=\"attachment-large size-large wp-image-13319 wvs-archive-product-image\" alt=\"\" srcset=\"https:\/\/goodsmarketplaces.shop\/wp-content\/uploads\/2026\/03\/6-5.jpg 970w, https:\/\/goodsmarketplaces.shop\/wp-content\/uploads\/2026\/03\/6-5-300x186.jpg 300w, https:\/\/goodsmarketplaces.shop\/wp-content\/uploads\/2026\/03\/6-5-768x475.jpg 768w, https:\/\/goodsmarketplaces.shop\/wp-content\/uploads\/2026\/03\/6-5-18x12.jpg 18w, https:\/\/goodsmarketplaces.shop\/wp-content\/uploads\/2026\/03\/6-5-600x371.jpg 600w, https:\/\/goodsmarketplaces.shop\/wp-content\/uploads\/2026\/03\/6-5-1x1.jpg 1w, https:\/\/goodsmarketplaces.shop\/wp-content\/uploads\/2026\/03\/6-5-10x6.jpg 10w\" sizes=\"auto, (max-width: 970px) 100vw, 970px\" \/>\t\t\t\t\t\t\t\t\t\t\t\t\t\t\t<\/div>\n\t\t\t\t<\/div>\n\t\t\t\t<div class=\"elementor-element elementor-element-37ff6406 elementor-widget elementor-widget-heading\" data-id=\"37ff6406\" data-element_type=\"widget\" data-settings=\"{&quot;ekit_we_effect_on&quot;:&quot;none&quot;}\" data-widget_type=\"heading.default\">\n\t\t\t\t<div class=\"elementor-widget-container\">\n\t\t\t\t\t<h2 class=\"elementor-heading-title elementor-size-default\">Sabor ex\u00f3tico a pi\u00f1a y f\u00f3rmula vegana<\/h2>\t\t\t\t<\/div>\n\t\t\t\t<\/div>\n\t\t\t\t<div class=\"elementor-element elementor-element-3a1414ad elementor-widget elementor-widget-text-editor\" data-id=\"3a1414ad\" data-element_type=\"widget\" data-settings=\"{&quot;ekit_we_effect_on&quot;:&quot;none&quot;}\" data-widget_type=\"text-editor.default\">\n\t\t\t\t<div class=\"elementor-widget-container\">\n\t\t\t\t\t\t\t\t\t<p>\u00a1Diga adi\u00f3s a las pastillas dif\u00edciles de tragar! Estas son deliciosas,\u00a0<strong>gominolas aptas para veganos<\/strong>\u00a0con un sabor dulce y picante\u00a0<strong>Sabor ex\u00f3tico a pi\u00f1a<\/strong>. Hechas con pectina (no con gelatina), ofrecen una deliciosa textura masticable que parece una golosina tropical. Completamente libre de colorantes artificiales y conservantes, es el bienestar que realmente puede disfrutar.<\/p>\t\t\t\t\t\t\t\t<\/div>\n\t\t\t\t<\/div>\n\t\t\t\t<\/div>\n\t\t\t\t\t<\/div>\n\t\t\t\t<\/div>\n\t\t\t\t<\/div>","protected":false},"excerpt":{"rendered":"<h2 class=\"a-size-base-plus a-text-bold\">Acerca de este art\u00edculo<\/h2>\n<div class=\"a-expander-collapsed-height a-row a-expander-container a-expander-partial-collapse-container\" data-a-expander-collapsed-height=\"300\">\n<div class=\"a-expander-content a-expander-partial-collapse-content\" data-expanded=\"false\">\n<ul class=\"a-unordered-list a-vertical a-spacing-mini\">\n<li class=\"a-spacing-mini\"><span class=\"a-list-item\">Favorece un equilibrio femenino saludable - Formuladas con una cepa probi\u00f3tica espec\u00edfica, estas gominolas han sido elaboradas por expertos para favorecer la salud \u00edntima de la mujer. Tomadas a diario, ayudan suavemente a mantener la barrera protectora natural del cuerpo y un entorno de pH equilibrado, promoviendo su sensaci\u00f3n general de confianza y bienestar desde dentro.<\/span><\/li>\n<li class=\"a-spacing-mini\"><span class=\"a-list-item\">Favorece la armon\u00eda digestiva e intestinal - Este suplemento de doble acci\u00f3n no s\u00f3lo favorece la salud femenina, sino que tambi\u00e9n contribuye al bienestar digestivo general. Los probi\u00f3ticos vivos ayudan a equilibrar la flora intestinal, reducir la hinchaz\u00f3n ocasional, y mejorar la absorci\u00f3n de nutrientes, sentando una base s\u00f3lida para su salud integral.<\/span><\/li>\n<\/ul>\n<\/div>\n<\/div>","protected":false},"featured_media":13299,"comment_status":"open","ping_status":"closed","template":"","meta":{"_acf_changed":false},"etheme_brands":[],"product_brand":[],"product_cat":[118],"product_tag":[],"class_list":{"0":"post-13298","1":"product","2":"type-product","3":"status-publish","4":"has-post-thumbnail","6":"product_cat-sale-shop","8":"first","9":"instock","10":"sale","11":"shipping-taxable","12":"purchasable","13":"product-type-simple"},"acf":[],"_links":{"self":[{"href":"https:\/\/goodsmarketplaces.shop\/es\/wp-json\/wp\/v2\/product\/13298","targetHints":{"allow":["GET"]}}],"collection":[{"href":"https:\/\/goodsmarketplaces.shop\/es\/wp-json\/wp\/v2\/product"}],"about":[{"href":"https:\/\/goodsmarketplaces.shop\/es\/wp-json\/wp\/v2\/types\/product"}],"replies":[{"embeddable":true,"href":"https:\/\/goodsmarketplaces.shop\/es\/wp-json\/wp\/v2\/comments?post=13298"}],"version-history":[{"count":4,"href":"https:\/\/goodsmarketplaces.shop\/es\/wp-json\/wp\/v2\/product\/13298\/revisions"}],"predecessor-version":[{"id":13327,"href":"https:\/\/goodsmarketplaces.shop\/es\/wp-json\/wp\/v2\/product\/13298\/revisions\/13327"}],"wp:featuredmedia":[{"embeddable":true,"href":"https:\/\/goodsmarketplaces.shop\/es\/wp-json\/wp\/v2\/media\/13299"}],"wp:attachment":[{"href":"https:\/\/goodsmarketplaces.shop\/es\/wp-json\/wp\/v2\/media?parent=13298"}],"wp:term":[{"taxonomy":"brand","embeddable":true,"href":"https:\/\/goodsmarketplaces.shop\/es\/wp-json\/wp\/v2\/etheme_brands?post=13298"},{"taxonomy":"product_brand","embeddable":true,"href":"https:\/\/goodsmarketplaces.shop\/es\/wp-json\/wp\/v2\/product_brand?post=13298"},{"taxonomy":"product_cat","embeddable":true,"href":"https:\/\/goodsmarketplaces.shop\/es\/wp-json\/wp\/v2\/product_cat?post=13298"},{"taxonomy":"product_tag","embeddable":true,"href":"https:\/\/goodsmarketplaces.shop\/es\/wp-json\/wp\/v2\/product_tag?post=13298"}],"curies":[{"name":"wp","href":"https:\/\/api.w.org\/{rel}","templated":true}]}}