{"id":13070,"date":"2026-01-23T19:51:20","date_gmt":"2026-01-23T19:51:20","guid":{"rendered":"https:\/\/goodsmarketplaces.shop\/?post_type=product&#038;p=13070"},"modified":"2026-01-23T20:08:38","modified_gmt":"2026-01-23T20:08:38","slug":"5-layer-multifunctional-plastic-storage-cart-with-wheels-layered-shelving-storage-rack-suitable-for-bedroom-kitchen-bathroom-living-room","status":"publish","type":"product","link":"https:\/\/goodsmarketplaces.shop\/es\/producto\/5-layer-multifunctional-plastic-storage-cart-with-wheels-layered-shelving-storage-rack-suitable-for-bedroom-kitchen-bathroom-living-room\/","title":{"rendered":"Carro de almacenamiento de pl\u00e1stico multifuncional de 5 capas con ruedas, estante de almacenamiento en capas adecuado para dormitorio, cocina, ba\u00f1o, sala de estar"},"content":{"rendered":"<div><strong>Estanter\u00eda de almacenamiento multifuncional Estanter\u00eda de libros Estanter\u00eda de cocina Estrecho armario de almacenamiento Cuarto de ba\u00f1o Sala de estar Organizador casero<\/strong><\/div>\n<div>Descripci\u00f3n del art\u00edculo:<\/div>\n<div>Material: Hierro Arte<\/div>\n<div>Categor\u00eda de productos: Estanter\u00eda de suelo<\/div>\n<div>Color: Blanco<\/div>\n<div>Funci\u00f3n: Multifuncional<\/div>\n<div><\/div>\n<div>Caracter\u00edstica:<\/div>\n<div>1.Estanter\u00eda combinada sencilla: f\u00e1cil instalaci\u00f3n sin herramientas<\/div>\n<div>2.Estanter\u00eda multifuncional: puede almacenar cualquier tipo de art\u00edculos, libros, ropa, etc., con una gran capacidad de carga.<\/div>\n<div>3. Este estante del almacenaje se puede utilizar en diversos espacios apretados en su hogar, que es un ahorrador de espacio independiente ideal para la cocina, la sala de clase, el cuarto de ba\u00f1o, RVs, el restroom, el lavadero, la oficina, el dormitorio, el apartamento o entre su lavadora y secador.<\/div>\n<div>4. Grande y almacenamiento Hecho de materiales resistentes y habiendo sido probado, este producto tiene una maravillosa capacidad de carga, lo que significa que puede colocar varios art\u00edculos a su gusto. Proporcionamos 2-Tier, 3-Tier elecci\u00f3n para satisfacer diferentes necesidades.<\/div>\n<div>5.F\u00e1cil de mover Las ruedas bloqueables de alta calidad permiten mover la estanter\u00eda con facilidad. Puede moverla sin esfuerzo. Y el dise\u00f1o \u00fanico de fijaci\u00f3n tambi\u00e9n permite que se fije firmemente en el lugar que desee. Este dise\u00f1o har\u00e1 que su uso diario sea m\u00e1s c\u00f3modo.<\/div>\n<div><\/div>\n<div>Paquete:<\/div>\n<div>Estanter\u00eda de suelo *1<\/div>\n<div><\/div>\n<div>Nota:<\/div>\n<div>Debido a la medici\u00f3n manual, por favor permita una diferencia de 1-3 cent\u00edmetros.<\/div>\n<div>Debido a las diferencias de visualizaci\u00f3n e iluminaci\u00f3n, la imagen puede no mostrar el color real del art\u00edculo.Gracias.<\/div>\n<p align=\"left\"><img decoding=\"async\" src=\"https:\/\/ae01.alicdn.com\/kf\/S431866213d79408e9ac95650dd4724a1p.jpg\" width=\"960px\" \/><img decoding=\"async\" src=\"https:\/\/ae01.alicdn.com\/kf\/S8aef4d94196d4e8bbd82cda24a032ce8t.jpg\" width=\"960px\" \/><img decoding=\"async\" src=\"https:\/\/ae01.alicdn.com\/kf\/S79b84cf299c04a95a7f65b6975c16ef4D.jpg\" width=\"960px\" \/><img decoding=\"async\" src=\"https:\/\/ae01.alicdn.com\/kf\/Sd23a9b2fd6ed4fb488c13ce52fbe14abG.jpg\" width=\"960px\" \/><img decoding=\"async\" src=\"https:\/\/ae01.alicdn.com\/kf\/Saf304e4fbb054ed191bbbca521a59afdZ.jpg\" width=\"960px\" \/><img decoding=\"async\" src=\"https:\/\/ae01.alicdn.com\/kf\/S9e84242aa0f64d4298246ea2c80c31b3V.jpg\" width=\"960px\" \/><img decoding=\"async\" src=\"https:\/\/ae01.alicdn.com\/kf\/S03ad72c628ab489dab28dc4eff6a7804P.jpg\" width=\"960px\" \/><br \/>\n<img decoding=\"async\" src=\"https:\/\/ae01.alicdn.com\/kf\/S8dc2f0bd7bcc4aaf825f125d25155fcbI.jpg\" width=\"960px\" \/><img decoding=\"async\" src=\"https:\/\/ae01.alicdn.com\/kf\/S9c61796886374b6581f9c7880a4026f7b.jpg\" width=\"960px\" \/><br \/>\n<img decoding=\"async\" src=\"https:\/\/ae01.alicdn.com\/kf\/S9af53b20c7534363a90cdcf4951dc285o.jpg\" width=\"960px\" \/><\/p>","protected":false},"excerpt":{"rendered":"<p>Multifunctional Storage Rack Trolley Bookshelf Kitchen Corner Narrow Slit Storage Cabinet Bathroom Living Room Home Organizer Item Description: Material:\u00a0Iron Art&#8230;<\/p>","protected":false},"featured_media":13092,"comment_status":"open","ping_status":"closed","template":"","meta":{"_acf_changed":false},"etheme_brands":[],"product_brand":[],"product_cat":[118],"product_tag":[],"class_list":{"0":"post-13070","1":"product","2":"type-product","3":"status-publish","4":"has-post-thumbnail","6":"product_cat-sale-shop","8":"first","9":"instock","10":"sale","11":"shipping-taxable","12":"purchasable","13":"product-type-variable","14":"wvs-archive-product-wrapper"},"acf":[],"_links":{"self":[{"href":"https:\/\/goodsmarketplaces.shop\/es\/wp-json\/wp\/v2\/product\/13070","targetHints":{"allow":["GET"]}}],"collection":[{"href":"https:\/\/goodsmarketplaces.shop\/es\/wp-json\/wp\/v2\/product"}],"about":[{"href":"https:\/\/goodsmarketplaces.shop\/es\/wp-json\/wp\/v2\/types\/product"}],"replies":[{"embeddable":true,"href":"https:\/\/goodsmarketplaces.shop\/es\/wp-json\/wp\/v2\/comments?post=13070"}],"version-history":[{"count":2,"href":"https:\/\/goodsmarketplaces.shop\/es\/wp-json\/wp\/v2\/product\/13070\/revisions"}],"predecessor-version":[{"id":13115,"href":"https:\/\/goodsmarketplaces.shop\/es\/wp-json\/wp\/v2\/product\/13070\/revisions\/13115"}],"wp:featuredmedia":[{"embeddable":true,"href":"https:\/\/goodsmarketplaces.shop\/es\/wp-json\/wp\/v2\/media\/13092"}],"wp:attachment":[{"href":"https:\/\/goodsmarketplaces.shop\/es\/wp-json\/wp\/v2\/media?parent=13070"}],"wp:term":[{"taxonomy":"brand","embeddable":true,"href":"https:\/\/goodsmarketplaces.shop\/es\/wp-json\/wp\/v2\/etheme_brands?post=13070"},{"taxonomy":"product_brand","embeddable":true,"href":"https:\/\/goodsmarketplaces.shop\/es\/wp-json\/wp\/v2\/product_brand?post=13070"},{"taxonomy":"product_cat","embeddable":true,"href":"https:\/\/goodsmarketplaces.shop\/es\/wp-json\/wp\/v2\/product_cat?post=13070"},{"taxonomy":"product_tag","embeddable":true,"href":"https:\/\/goodsmarketplaces.shop\/es\/wp-json\/wp\/v2\/product_tag?post=13070"}],"curies":[{"name":"wp","href":"https:\/\/api.w.org\/{rel}","templated":true}]}}