{"id":12993,"date":"2026-01-23T19:10:12","date_gmt":"2026-01-23T19:10:12","guid":{"rendered":"https:\/\/goodsmarketplaces.shop\/?post_type=product&#038;p=12993"},"modified":"2026-01-23T19:10:13","modified_gmt":"2026-01-23T19:10:13","slug":"cookie-dough-caramel-chocolate4","status":"publish","type":"product","link":"https:\/\/goodsmarketplaces.shop\/es\/producto\/cookie-dough-caramel-chocolate4\/","title":{"rendered":"Chocolate con caramelo y masa de galletas*4"},"content":{"rendered":"<p>N\u00facleo esponjoso con sabor a masa de galleta, con notas de az\u00facar moreno, mantequilla y vainilla. Capas de ganache de caramelo y crujientes. Ba\u00f1ado en cobertura con sabor a chocolate.<\/p>\n<p>&nbsp;<\/p>\n<p><img loading=\"lazy\" decoding=\"async\" class=\"alignnone  wp-image-12996\" src=\"https:\/\/goodsmarketplaces.shop\/wp-content\/uploads\/2026\/01\/Bronze_CD_WrapperFront_Closed.webp\" alt=\"\" width=\"1169\" height=\"1169\" srcset=\"https:\/\/goodsmarketplaces.shop\/wp-content\/uploads\/2026\/01\/Bronze_CD_WrapperFront_Closed.webp 1800w, https:\/\/goodsmarketplaces.shop\/wp-content\/uploads\/2026\/01\/Bronze_CD_WrapperFront_Closed-300x300.webp 300w, https:\/\/goodsmarketplaces.shop\/wp-content\/uploads\/2026\/01\/Bronze_CD_WrapperFront_Closed-1024x1024.webp 1024w, https:\/\/goodsmarketplaces.shop\/wp-content\/uploads\/2026\/01\/Bronze_CD_WrapperFront_Closed-150x150.webp 150w, https:\/\/goodsmarketplaces.shop\/wp-content\/uploads\/2026\/01\/Bronze_CD_WrapperFront_Closed-768x768.webp 768w, https:\/\/goodsmarketplaces.shop\/wp-content\/uploads\/2026\/01\/Bronze_CD_WrapperFront_Closed-1536x1536.webp 1536w, https:\/\/goodsmarketplaces.shop\/wp-content\/uploads\/2026\/01\/Bronze_CD_WrapperFront_Closed-12x12.webp 12w, https:\/\/goodsmarketplaces.shop\/wp-content\/uploads\/2026\/01\/Bronze_CD_WrapperFront_Closed-600x600.webp 600w, https:\/\/goodsmarketplaces.shop\/wp-content\/uploads\/2026\/01\/Bronze_CD_WrapperFront_Closed-100x100.webp 100w, https:\/\/goodsmarketplaces.shop\/wp-content\/uploads\/2026\/01\/Bronze_CD_WrapperFront_Closed-50x50.webp 50w, https:\/\/goodsmarketplaces.shop\/wp-content\/uploads\/2026\/01\/Bronze_CD_WrapperFront_Closed-1x1.webp 1w, https:\/\/goodsmarketplaces.shop\/wp-content\/uploads\/2026\/01\/Bronze_CD_WrapperFront_Closed-10x10.webp 10w\" sizes=\"auto, (max-width: 1169px) 100vw, 1169px\" \/><img loading=\"lazy\" decoding=\"async\" class=\"alignnone size-full wp-image-12994\" src=\"https:\/\/goodsmarketplaces.shop\/wp-content\/uploads\/2026\/01\/Bronze_CD_WrapperFront_2x_5.webp\" alt=\"\" width=\"2000\" height=\"2000\" srcset=\"https:\/\/goodsmarketplaces.shop\/wp-content\/uploads\/2026\/01\/Bronze_CD_WrapperFront_2x_5.webp 2000w, https:\/\/goodsmarketplaces.shop\/wp-content\/uploads\/2026\/01\/Bronze_CD_WrapperFront_2x_5-300x300.webp 300w, https:\/\/goodsmarketplaces.shop\/wp-content\/uploads\/2026\/01\/Bronze_CD_WrapperFront_2x_5-1024x1024.webp 1024w, https:\/\/goodsmarketplaces.shop\/wp-content\/uploads\/2026\/01\/Bronze_CD_WrapperFront_2x_5-150x150.webp 150w, https:\/\/goodsmarketplaces.shop\/wp-content\/uploads\/2026\/01\/Bronze_CD_WrapperFront_2x_5-768x768.webp 768w, https:\/\/goodsmarketplaces.shop\/wp-content\/uploads\/2026\/01\/Bronze_CD_WrapperFront_2x_5-1536x1536.webp 1536w, https:\/\/goodsmarketplaces.shop\/wp-content\/uploads\/2026\/01\/Bronze_CD_WrapperFront_2x_5-12x12.webp 12w, https:\/\/goodsmarketplaces.shop\/wp-content\/uploads\/2026\/01\/Bronze_CD_WrapperFront_2x_5-600x600.webp 600w, https:\/\/goodsmarketplaces.shop\/wp-content\/uploads\/2026\/01\/Bronze_CD_WrapperFront_2x_5-100x100.webp 100w, https:\/\/goodsmarketplaces.shop\/wp-content\/uploads\/2026\/01\/Bronze_CD_WrapperFront_2x_5-50x50.webp 50w, https:\/\/goodsmarketplaces.shop\/wp-content\/uploads\/2026\/01\/Bronze_CD_WrapperFront_2x_5-1x1.webp 1w, https:\/\/goodsmarketplaces.shop\/wp-content\/uploads\/2026\/01\/Bronze_CD_WrapperFront_2x_5-10x10.webp 10w\" sizes=\"auto, (max-width: 2000px) 100vw, 2000px\" \/> <img loading=\"lazy\" decoding=\"async\" class=\"alignnone size-full wp-image-12995\" src=\"https:\/\/goodsmarketplaces.shop\/wp-content\/uploads\/2026\/01\/Bronze_CD_WrapperFront_2235da35-965f-4808-8b64-ff6aebe53326.webp\" alt=\"\" width=\"1800\" height=\"1800\" srcset=\"https:\/\/goodsmarketplaces.shop\/wp-content\/uploads\/2026\/01\/Bronze_CD_WrapperFront_2235da35-965f-4808-8b64-ff6aebe53326.webp 1800w, https:\/\/goodsmarketplaces.shop\/wp-content\/uploads\/2026\/01\/Bronze_CD_WrapperFront_2235da35-965f-4808-8b64-ff6aebe53326-300x300.webp 300w, https:\/\/goodsmarketplaces.shop\/wp-content\/uploads\/2026\/01\/Bronze_CD_WrapperFront_2235da35-965f-4808-8b64-ff6aebe53326-1024x1024.webp 1024w, https:\/\/goodsmarketplaces.shop\/wp-content\/uploads\/2026\/01\/Bronze_CD_WrapperFront_2235da35-965f-4808-8b64-ff6aebe53326-150x150.webp 150w, https:\/\/goodsmarketplaces.shop\/wp-content\/uploads\/2026\/01\/Bronze_CD_WrapperFront_2235da35-965f-4808-8b64-ff6aebe53326-768x768.webp 768w, https:\/\/goodsmarketplaces.shop\/wp-content\/uploads\/2026\/01\/Bronze_CD_WrapperFront_2235da35-965f-4808-8b64-ff6aebe53326-1536x1536.webp 1536w, https:\/\/goodsmarketplaces.shop\/wp-content\/uploads\/2026\/01\/Bronze_CD_WrapperFront_2235da35-965f-4808-8b64-ff6aebe53326-12x12.webp 12w, https:\/\/goodsmarketplaces.shop\/wp-content\/uploads\/2026\/01\/Bronze_CD_WrapperFront_2235da35-965f-4808-8b64-ff6aebe53326-600x600.webp 600w, https:\/\/goodsmarketplaces.shop\/wp-content\/uploads\/2026\/01\/Bronze_CD_WrapperFront_2235da35-965f-4808-8b64-ff6aebe53326-100x100.webp 100w, https:\/\/goodsmarketplaces.shop\/wp-content\/uploads\/2026\/01\/Bronze_CD_WrapperFront_2235da35-965f-4808-8b64-ff6aebe53326-50x50.webp 50w, https:\/\/goodsmarketplaces.shop\/wp-content\/uploads\/2026\/01\/Bronze_CD_WrapperFront_2235da35-965f-4808-8b64-ff6aebe53326-1x1.webp 1w, https:\/\/goodsmarketplaces.shop\/wp-content\/uploads\/2026\/01\/Bronze_CD_WrapperFront_2235da35-965f-4808-8b64-ff6aebe53326-10x10.webp 10w\" sizes=\"auto, (max-width: 1800px) 100vw, 1800px\" \/> \u00a0<img loading=\"lazy\" decoding=\"async\" class=\"alignnone size-full wp-image-12997\" src=\"https:\/\/goodsmarketplaces.shop\/wp-content\/uploads\/2026\/01\/Comparison_Bronze_d5cafa07-40fb-460a-a64f-80a25d8e961f.webp\" alt=\"\" width=\"1800\" height=\"1800\" srcset=\"https:\/\/goodsmarketplaces.shop\/wp-content\/uploads\/2026\/01\/Comparison_Bronze_d5cafa07-40fb-460a-a64f-80a25d8e961f.webp 1800w, https:\/\/goodsmarketplaces.shop\/wp-content\/uploads\/2026\/01\/Comparison_Bronze_d5cafa07-40fb-460a-a64f-80a25d8e961f-300x300.webp 300w, https:\/\/goodsmarketplaces.shop\/wp-content\/uploads\/2026\/01\/Comparison_Bronze_d5cafa07-40fb-460a-a64f-80a25d8e961f-1024x1024.webp 1024w, https:\/\/goodsmarketplaces.shop\/wp-content\/uploads\/2026\/01\/Comparison_Bronze_d5cafa07-40fb-460a-a64f-80a25d8e961f-150x150.webp 150w, https:\/\/goodsmarketplaces.shop\/wp-content\/uploads\/2026\/01\/Comparison_Bronze_d5cafa07-40fb-460a-a64f-80a25d8e961f-768x768.webp 768w, https:\/\/goodsmarketplaces.shop\/wp-content\/uploads\/2026\/01\/Comparison_Bronze_d5cafa07-40fb-460a-a64f-80a25d8e961f-1536x1536.webp 1536w, https:\/\/goodsmarketplaces.shop\/wp-content\/uploads\/2026\/01\/Comparison_Bronze_d5cafa07-40fb-460a-a64f-80a25d8e961f-12x12.webp 12w, https:\/\/goodsmarketplaces.shop\/wp-content\/uploads\/2026\/01\/Comparison_Bronze_d5cafa07-40fb-460a-a64f-80a25d8e961f-600x600.webp 600w, https:\/\/goodsmarketplaces.shop\/wp-content\/uploads\/2026\/01\/Comparison_Bronze_d5cafa07-40fb-460a-a64f-80a25d8e961f-100x100.webp 100w, https:\/\/goodsmarketplaces.shop\/wp-content\/uploads\/2026\/01\/Comparison_Bronze_d5cafa07-40fb-460a-a64f-80a25d8e961f-50x50.webp 50w, https:\/\/goodsmarketplaces.shop\/wp-content\/uploads\/2026\/01\/Comparison_Bronze_d5cafa07-40fb-460a-a64f-80a25d8e961f-1x1.webp 1w, https:\/\/goodsmarketplaces.shop\/wp-content\/uploads\/2026\/01\/Comparison_Bronze_d5cafa07-40fb-460a-a64f-80a25d8e961f-10x10.webp 10w\" sizes=\"auto, (max-width: 1800px) 100vw, 1800px\" \/> <img loading=\"lazy\" decoding=\"async\" class=\"alignnone size-full wp-image-12998\" src=\"https:\/\/goodsmarketplaces.shop\/wp-content\/uploads\/2026\/01\/Gold_4_Systems_1_1.webp\" alt=\"\" width=\"1800\" height=\"1800\" srcset=\"https:\/\/goodsmarketplaces.shop\/wp-content\/uploads\/2026\/01\/Gold_4_Systems_1_1.webp 1800w, https:\/\/goodsmarketplaces.shop\/wp-content\/uploads\/2026\/01\/Gold_4_Systems_1_1-300x300.webp 300w, https:\/\/goodsmarketplaces.shop\/wp-content\/uploads\/2026\/01\/Gold_4_Systems_1_1-1024x1024.webp 1024w, https:\/\/goodsmarketplaces.shop\/wp-content\/uploads\/2026\/01\/Gold_4_Systems_1_1-150x150.webp 150w, https:\/\/goodsmarketplaces.shop\/wp-content\/uploads\/2026\/01\/Gold_4_Systems_1_1-768x768.webp 768w, https:\/\/goodsmarketplaces.shop\/wp-content\/uploads\/2026\/01\/Gold_4_Systems_1_1-1536x1536.webp 1536w, https:\/\/goodsmarketplaces.shop\/wp-content\/uploads\/2026\/01\/Gold_4_Systems_1_1-12x12.webp 12w, https:\/\/goodsmarketplaces.shop\/wp-content\/uploads\/2026\/01\/Gold_4_Systems_1_1-600x600.webp 600w, https:\/\/goodsmarketplaces.shop\/wp-content\/uploads\/2026\/01\/Gold_4_Systems_1_1-100x100.webp 100w, https:\/\/goodsmarketplaces.shop\/wp-content\/uploads\/2026\/01\/Gold_4_Systems_1_1-50x50.webp 50w, https:\/\/goodsmarketplaces.shop\/wp-content\/uploads\/2026\/01\/Gold_4_Systems_1_1-1x1.webp 1w, https:\/\/goodsmarketplaces.shop\/wp-content\/uploads\/2026\/01\/Gold_4_Systems_1_1-10x10.webp 10w\" sizes=\"auto, (max-width: 1800px) 100vw, 1800px\" \/> <img loading=\"lazy\" decoding=\"async\" class=\"alignnone size-full wp-image-12999\" src=\"https:\/\/goodsmarketplaces.shop\/wp-content\/uploads\/2026\/01\/Bronze_Lifestyle_PDP_1.webp\" alt=\"\" width=\"1800\" height=\"1800\" srcset=\"https:\/\/goodsmarketplaces.shop\/wp-content\/uploads\/2026\/01\/Bronze_Lifestyle_PDP_1.webp 1800w, https:\/\/goodsmarketplaces.shop\/wp-content\/uploads\/2026\/01\/Bronze_Lifestyle_PDP_1-300x300.webp 300w, https:\/\/goodsmarketplaces.shop\/wp-content\/uploads\/2026\/01\/Bronze_Lifestyle_PDP_1-1024x1024.webp 1024w, https:\/\/goodsmarketplaces.shop\/wp-content\/uploads\/2026\/01\/Bronze_Lifestyle_PDP_1-150x150.webp 150w, https:\/\/goodsmarketplaces.shop\/wp-content\/uploads\/2026\/01\/Bronze_Lifestyle_PDP_1-768x768.webp 768w, https:\/\/goodsmarketplaces.shop\/wp-content\/uploads\/2026\/01\/Bronze_Lifestyle_PDP_1-1536x1536.webp 1536w, https:\/\/goodsmarketplaces.shop\/wp-content\/uploads\/2026\/01\/Bronze_Lifestyle_PDP_1-12x12.webp 12w, https:\/\/goodsmarketplaces.shop\/wp-content\/uploads\/2026\/01\/Bronze_Lifestyle_PDP_1-600x600.webp 600w, https:\/\/goodsmarketplaces.shop\/wp-content\/uploads\/2026\/01\/Bronze_Lifestyle_PDP_1-100x100.webp 100w, https:\/\/goodsmarketplaces.shop\/wp-content\/uploads\/2026\/01\/Bronze_Lifestyle_PDP_1-50x50.webp 50w, https:\/\/goodsmarketplaces.shop\/wp-content\/uploads\/2026\/01\/Bronze_Lifestyle_PDP_1-1x1.webp 1w, https:\/\/goodsmarketplaces.shop\/wp-content\/uploads\/2026\/01\/Bronze_Lifestyle_PDP_1-10x10.webp 10w\" sizes=\"auto, (max-width: 1800px) 100vw, 1800px\" \/><\/p>","protected":false},"excerpt":{"rendered":"<p>Fluffy, cookie dough flavored core, with notes of brown sugar, butter, and vanilla. Layered with caramel ganache and crisps. Dipped&#8230;<\/p>","protected":false},"featured_media":12995,"comment_status":"open","ping_status":"closed","template":"","meta":{"_acf_changed":false},"etheme_brands":[],"product_brand":[],"product_cat":[118],"product_tag":[],"class_list":{"0":"post-12993","1":"product","2":"type-product","3":"status-publish","4":"has-post-thumbnail","6":"product_cat-sale-shop","8":"first","9":"instock","10":"sale","11":"shipping-taxable","12":"purchasable","13":"product-type-simple"},"acf":[],"_links":{"self":[{"href":"https:\/\/goodsmarketplaces.shop\/es\/wp-json\/wp\/v2\/product\/12993","targetHints":{"allow":["GET"]}}],"collection":[{"href":"https:\/\/goodsmarketplaces.shop\/es\/wp-json\/wp\/v2\/product"}],"about":[{"href":"https:\/\/goodsmarketplaces.shop\/es\/wp-json\/wp\/v2\/types\/product"}],"replies":[{"embeddable":true,"href":"https:\/\/goodsmarketplaces.shop\/es\/wp-json\/wp\/v2\/comments?post=12993"}],"version-history":[{"count":1,"href":"https:\/\/goodsmarketplaces.shop\/es\/wp-json\/wp\/v2\/product\/12993\/revisions"}],"predecessor-version":[{"id":13000,"href":"https:\/\/goodsmarketplaces.shop\/es\/wp-json\/wp\/v2\/product\/12993\/revisions\/13000"}],"wp:featuredmedia":[{"embeddable":true,"href":"https:\/\/goodsmarketplaces.shop\/es\/wp-json\/wp\/v2\/media\/12995"}],"wp:attachment":[{"href":"https:\/\/goodsmarketplaces.shop\/es\/wp-json\/wp\/v2\/media?parent=12993"}],"wp:term":[{"taxonomy":"brand","embeddable":true,"href":"https:\/\/goodsmarketplaces.shop\/es\/wp-json\/wp\/v2\/etheme_brands?post=12993"},{"taxonomy":"product_brand","embeddable":true,"href":"https:\/\/goodsmarketplaces.shop\/es\/wp-json\/wp\/v2\/product_brand?post=12993"},{"taxonomy":"product_cat","embeddable":true,"href":"https:\/\/goodsmarketplaces.shop\/es\/wp-json\/wp\/v2\/product_cat?post=12993"},{"taxonomy":"product_tag","embeddable":true,"href":"https:\/\/goodsmarketplaces.shop\/es\/wp-json\/wp\/v2\/product_tag?post=12993"}],"curies":[{"name":"wp","href":"https:\/\/api.w.org\/{rel}","templated":true}]}}