{"id":12932,"date":"2026-01-23T18:39:17","date_gmt":"2026-01-23T18:39:17","guid":{"rendered":"https:\/\/goodsmarketplaces.shop\/?post_type=product&#038;p=12932"},"modified":"2026-01-23T18:39:18","modified_gmt":"2026-01-23T18:39:18","slug":"dude-wipes-stool-kit-9-packs-432-flushable-wipes-mint-chill-shea-butter-unscented-extra-large-septic-safe","status":"publish","type":"product","link":"https:\/\/goodsmarketplaces.shop\/es\/producto\/dude-wipes-stool-kit-9-packs-432-flushable-wipes-mint-chill-shea-butter-unscented-extra-large-septic-safe\/","title":{"rendered":"DUDE Wipes Stool Kit- 9 Paquetes, 432 Toallitas Desechables - Menta Fr\u00eda, Manteca de Karit\u00e9 y Sin Perfume - Extra Grandes y Seguras para S\u00e9pticos"},"content":{"rendered":"<p><img loading=\"lazy\" decoding=\"async\" class=\"alignnone size-full wp-image-12933\" src=\"https:\/\/goodsmarketplaces.shop\/wp-content\/uploads\/2026\/01\/719fJdxps8L._US700_.jpg\" alt=\"\" width=\"700\" height=\"700\" srcset=\"https:\/\/goodsmarketplaces.shop\/wp-content\/uploads\/2026\/01\/719fJdxps8L._US700_.jpg 700w, https:\/\/goodsmarketplaces.shop\/wp-content\/uploads\/2026\/01\/719fJdxps8L._US700_-300x300.jpg 300w, https:\/\/goodsmarketplaces.shop\/wp-content\/uploads\/2026\/01\/719fJdxps8L._US700_-150x150.jpg 150w, https:\/\/goodsmarketplaces.shop\/wp-content\/uploads\/2026\/01\/719fJdxps8L._US700_-12x12.jpg 12w, https:\/\/goodsmarketplaces.shop\/wp-content\/uploads\/2026\/01\/719fJdxps8L._US700_-600x600.jpg 600w, https:\/\/goodsmarketplaces.shop\/wp-content\/uploads\/2026\/01\/719fJdxps8L._US700_-100x100.jpg 100w, https:\/\/goodsmarketplaces.shop\/wp-content\/uploads\/2026\/01\/719fJdxps8L._US700_-50x50.jpg 50w, https:\/\/goodsmarketplaces.shop\/wp-content\/uploads\/2026\/01\/719fJdxps8L._US700_-1x1.jpg 1w, https:\/\/goodsmarketplaces.shop\/wp-content\/uploads\/2026\/01\/719fJdxps8L._US700_-10x10.jpg 10w\" sizes=\"auto, (max-width: 700px) 100vw, 700px\" \/>\u00a0<img loading=\"lazy\" decoding=\"async\" class=\"alignnone size-full wp-image-12936\" src=\"https:\/\/goodsmarketplaces.shop\/wp-content\/uploads\/2026\/01\/71x33FQNeBL._US700_.jpg\" alt=\"\" width=\"700\" height=\"700\" srcset=\"https:\/\/goodsmarketplaces.shop\/wp-content\/uploads\/2026\/01\/71x33FQNeBL._US700_.jpg 700w, https:\/\/goodsmarketplaces.shop\/wp-content\/uploads\/2026\/01\/71x33FQNeBL._US700_-300x300.jpg 300w, https:\/\/goodsmarketplaces.shop\/wp-content\/uploads\/2026\/01\/71x33FQNeBL._US700_-150x150.jpg 150w, https:\/\/goodsmarketplaces.shop\/wp-content\/uploads\/2026\/01\/71x33FQNeBL._US700_-12x12.jpg 12w, https:\/\/goodsmarketplaces.shop\/wp-content\/uploads\/2026\/01\/71x33FQNeBL._US700_-600x600.jpg 600w, https:\/\/goodsmarketplaces.shop\/wp-content\/uploads\/2026\/01\/71x33FQNeBL._US700_-100x100.jpg 100w, https:\/\/goodsmarketplaces.shop\/wp-content\/uploads\/2026\/01\/71x33FQNeBL._US700_-50x50.jpg 50w, https:\/\/goodsmarketplaces.shop\/wp-content\/uploads\/2026\/01\/71x33FQNeBL._US700_-1x1.jpg 1w, https:\/\/goodsmarketplaces.shop\/wp-content\/uploads\/2026\/01\/71x33FQNeBL._US700_-10x10.jpg 10w\" sizes=\"auto, (max-width: 700px) 100vw, 700px\" \/><img loading=\"lazy\" decoding=\"async\" class=\"alignnone size-full wp-image-12937\" src=\"https:\/\/goodsmarketplaces.shop\/wp-content\/uploads\/2026\/01\/81QOvcRgB-L._US700_.jpg\" alt=\"\" width=\"700\" height=\"700\" srcset=\"https:\/\/goodsmarketplaces.shop\/wp-content\/uploads\/2026\/01\/81QOvcRgB-L._US700_.jpg 700w, https:\/\/goodsmarketplaces.shop\/wp-content\/uploads\/2026\/01\/81QOvcRgB-L._US700_-300x300.jpg 300w, https:\/\/goodsmarketplaces.shop\/wp-content\/uploads\/2026\/01\/81QOvcRgB-L._US700_-150x150.jpg 150w, https:\/\/goodsmarketplaces.shop\/wp-content\/uploads\/2026\/01\/81QOvcRgB-L._US700_-12x12.jpg 12w, https:\/\/goodsmarketplaces.shop\/wp-content\/uploads\/2026\/01\/81QOvcRgB-L._US700_-600x600.jpg 600w, https:\/\/goodsmarketplaces.shop\/wp-content\/uploads\/2026\/01\/81QOvcRgB-L._US700_-100x100.jpg 100w, https:\/\/goodsmarketplaces.shop\/wp-content\/uploads\/2026\/01\/81QOvcRgB-L._US700_-50x50.jpg 50w, https:\/\/goodsmarketplaces.shop\/wp-content\/uploads\/2026\/01\/81QOvcRgB-L._US700_-1x1.jpg 1w, https:\/\/goodsmarketplaces.shop\/wp-content\/uploads\/2026\/01\/81QOvcRgB-L._US700_-10x10.jpg 10w\" sizes=\"auto, (max-width: 700px) 100vw, 700px\" \/><img loading=\"lazy\" decoding=\"async\" class=\"alignnone size-full wp-image-12939\" src=\"https:\/\/goodsmarketplaces.shop\/wp-content\/uploads\/2026\/01\/81zCmECUdaL._US700_.jpg\" alt=\"\" width=\"700\" height=\"700\" srcset=\"https:\/\/goodsmarketplaces.shop\/wp-content\/uploads\/2026\/01\/81zCmECUdaL._US700_.jpg 700w, https:\/\/goodsmarketplaces.shop\/wp-content\/uploads\/2026\/01\/81zCmECUdaL._US700_-300x300.jpg 300w, https:\/\/goodsmarketplaces.shop\/wp-content\/uploads\/2026\/01\/81zCmECUdaL._US700_-150x150.jpg 150w, https:\/\/goodsmarketplaces.shop\/wp-content\/uploads\/2026\/01\/81zCmECUdaL._US700_-12x12.jpg 12w, https:\/\/goodsmarketplaces.shop\/wp-content\/uploads\/2026\/01\/81zCmECUdaL._US700_-600x600.jpg 600w, https:\/\/goodsmarketplaces.shop\/wp-content\/uploads\/2026\/01\/81zCmECUdaL._US700_-100x100.jpg 100w, https:\/\/goodsmarketplaces.shop\/wp-content\/uploads\/2026\/01\/81zCmECUdaL._US700_-50x50.jpg 50w, https:\/\/goodsmarketplaces.shop\/wp-content\/uploads\/2026\/01\/81zCmECUdaL._US700_-1x1.jpg 1w, https:\/\/goodsmarketplaces.shop\/wp-content\/uploads\/2026\/01\/81zCmECUdaL._US700_-10x10.jpg 10w\" sizes=\"auto, (max-width: 700px) 100vw, 700px\" \/><img loading=\"lazy\" decoding=\"async\" class=\"alignnone size-full wp-image-12938\" src=\"https:\/\/goodsmarketplaces.shop\/wp-content\/uploads\/2026\/01\/81vGs6kRuYL._US700_.jpg\" alt=\"\" width=\"700\" height=\"700\" srcset=\"https:\/\/goodsmarketplaces.shop\/wp-content\/uploads\/2026\/01\/81vGs6kRuYL._US700_.jpg 700w, https:\/\/goodsmarketplaces.shop\/wp-content\/uploads\/2026\/01\/81vGs6kRuYL._US700_-300x300.jpg 300w, https:\/\/goodsmarketplaces.shop\/wp-content\/uploads\/2026\/01\/81vGs6kRuYL._US700_-150x150.jpg 150w, https:\/\/goodsmarketplaces.shop\/wp-content\/uploads\/2026\/01\/81vGs6kRuYL._US700_-12x12.jpg 12w, https:\/\/goodsmarketplaces.shop\/wp-content\/uploads\/2026\/01\/81vGs6kRuYL._US700_-600x600.jpg 600w, https:\/\/goodsmarketplaces.shop\/wp-content\/uploads\/2026\/01\/81vGs6kRuYL._US700_-100x100.jpg 100w, https:\/\/goodsmarketplaces.shop\/wp-content\/uploads\/2026\/01\/81vGs6kRuYL._US700_-50x50.jpg 50w, https:\/\/goodsmarketplaces.shop\/wp-content\/uploads\/2026\/01\/81vGs6kRuYL._US700_-1x1.jpg 1w, https:\/\/goodsmarketplaces.shop\/wp-content\/uploads\/2026\/01\/81vGs6kRuYL._US700_-10x10.jpg 10w\" sizes=\"auto, (max-width: 700px) 100vw, 700px\" \/><img loading=\"lazy\" decoding=\"async\" class=\"alignnone size-full wp-image-12934\" src=\"https:\/\/goodsmarketplaces.shop\/wp-content\/uploads\/2026\/01\/71lr1CnOhqL._US700_.jpg\" alt=\"\" width=\"700\" height=\"700\" srcset=\"https:\/\/goodsmarketplaces.shop\/wp-content\/uploads\/2026\/01\/71lr1CnOhqL._US700_.jpg 700w, https:\/\/goodsmarketplaces.shop\/wp-content\/uploads\/2026\/01\/71lr1CnOhqL._US700_-300x300.jpg 300w, https:\/\/goodsmarketplaces.shop\/wp-content\/uploads\/2026\/01\/71lr1CnOhqL._US700_-150x150.jpg 150w, https:\/\/goodsmarketplaces.shop\/wp-content\/uploads\/2026\/01\/71lr1CnOhqL._US700_-12x12.jpg 12w, https:\/\/goodsmarketplaces.shop\/wp-content\/uploads\/2026\/01\/71lr1CnOhqL._US700_-600x600.jpg 600w, https:\/\/goodsmarketplaces.shop\/wp-content\/uploads\/2026\/01\/71lr1CnOhqL._US700_-100x100.jpg 100w, https:\/\/goodsmarketplaces.shop\/wp-content\/uploads\/2026\/01\/71lr1CnOhqL._US700_-50x50.jpg 50w, https:\/\/goodsmarketplaces.shop\/wp-content\/uploads\/2026\/01\/71lr1CnOhqL._US700_-1x1.jpg 1w, https:\/\/goodsmarketplaces.shop\/wp-content\/uploads\/2026\/01\/71lr1CnOhqL._US700_-10x10.jpg 10w\" sizes=\"auto, (max-width: 700px) 100vw, 700px\" \/><\/p>","protected":false},"excerpt":{"rendered":"<p>\u00a0<\/p>","protected":false},"featured_media":12933,"comment_status":"open","ping_status":"closed","template":"","meta":{"_acf_changed":false},"etheme_brands":[],"product_brand":[],"product_cat":[118],"product_tag":[],"class_list":{"0":"post-12932","1":"product","2":"type-product","3":"status-publish","4":"has-post-thumbnail","6":"product_cat-sale-shop","8":"first","9":"instock","10":"sale","11":"shipping-taxable","12":"purchasable","13":"product-type-simple"},"acf":[],"_links":{"self":[{"href":"https:\/\/goodsmarketplaces.shop\/es\/wp-json\/wp\/v2\/product\/12932","targetHints":{"allow":["GET"]}}],"collection":[{"href":"https:\/\/goodsmarketplaces.shop\/es\/wp-json\/wp\/v2\/product"}],"about":[{"href":"https:\/\/goodsmarketplaces.shop\/es\/wp-json\/wp\/v2\/types\/product"}],"replies":[{"embeddable":true,"href":"https:\/\/goodsmarketplaces.shop\/es\/wp-json\/wp\/v2\/comments?post=12932"}],"version-history":[{"count":1,"href":"https:\/\/goodsmarketplaces.shop\/es\/wp-json\/wp\/v2\/product\/12932\/revisions"}],"predecessor-version":[{"id":12944,"href":"https:\/\/goodsmarketplaces.shop\/es\/wp-json\/wp\/v2\/product\/12932\/revisions\/12944"}],"wp:featuredmedia":[{"embeddable":true,"href":"https:\/\/goodsmarketplaces.shop\/es\/wp-json\/wp\/v2\/media\/12933"}],"wp:attachment":[{"href":"https:\/\/goodsmarketplaces.shop\/es\/wp-json\/wp\/v2\/media?parent=12932"}],"wp:term":[{"taxonomy":"brand","embeddable":true,"href":"https:\/\/goodsmarketplaces.shop\/es\/wp-json\/wp\/v2\/etheme_brands?post=12932"},{"taxonomy":"product_brand","embeddable":true,"href":"https:\/\/goodsmarketplaces.shop\/es\/wp-json\/wp\/v2\/product_brand?post=12932"},{"taxonomy":"product_cat","embeddable":true,"href":"https:\/\/goodsmarketplaces.shop\/es\/wp-json\/wp\/v2\/product_cat?post=12932"},{"taxonomy":"product_tag","embeddable":true,"href":"https:\/\/goodsmarketplaces.shop\/es\/wp-json\/wp\/v2\/product_tag?post=12932"}],"curies":[{"name":"wp","href":"https:\/\/api.w.org\/{rel}","templated":true}]}}