{"id":12919,"date":"2026-01-23T18:33:03","date_gmt":"2026-01-23T18:33:03","guid":{"rendered":"https:\/\/goodsmarketplaces.shop\/?post_type=product&#038;p=12919"},"modified":"2026-01-23T18:33:04","modified_gmt":"2026-01-23T18:33:04","slug":"120x-luxury-evo-toilet-rolls-3ply-ultra-advantage-pack-degradable-and-recyclable-wipes-set-pack-disposable","status":"publish","type":"product","link":"https:\/\/goodsmarketplaces.shop\/es\/producto\/120x-luxury-evo-toilet-rolls-3ply-ultra-advantage-pack-degradable-and-recyclable-wipes-set-pack-disposable\/","title":{"rendered":"120x Rollos Higi\u00e9nicos Evo de Lujo de 3 capas, Pack Ultra Advantage, Set de Toallitas Degradables y Reciclables Desechables"},"content":{"rendered":"<p data-start=\"161\" data-end=\"526\">Disfrute de lo \u00faltimo en confort y calidad con\u00a0<strong data-start=\"208\" data-end=\"241\">Rollos higi\u00e9nicos Luxury Evo 3 capas<\/strong>. Fabricados para ofrecer una experiencia suave pero resistente, estos rollos de papel higi\u00e9nico ofrecen una absorbencia superior y un tacto de primera calidad. La construcci\u00f3n de 3 capas garantiza su durabilidad, mientras que el acabado de lujo respaldado por policys una limpieza c\u00f3moda y fiable en todo momento. Perfectos para quienes valoran la calidad y el rendimiento.<\/p>\n<p data-start=\"161\" data-end=\"526\"><img decoding=\"async\" src=\"https:\/\/cdn.shopify.com\/s\/files\/1\/0876\/5286\/0252\/files\/175136094413799a6ab1a9ad56dcbbd4cf5fec47fd_thumbnail_624x_f6eaa871-66b0-4e24-9ac0-74661b3fdb5a.webp?v=1755655980\" alt=\"\" \/><\/p>\n<p data-start=\"528\" data-end=\"862\">\u2714\u00a0<strong data-start=\"530\" data-end=\"552\">Construcci\u00f3n de 3 capas<\/strong>\u00a0para una mayor resistencia y durabilidad<br data-start=\"589\" data-end=\"592\" \/>\u2714\u00a0<strong data-start=\"594\" data-end=\"613\">Suavidad de lujo<\/strong>\u00a0proporciona una sensaci\u00f3n c\u00f3moda y suave<br data-start=\"652\" data-end=\"655\" \/>\u2714\u00a0<strong data-start=\"657\" data-end=\"676\">Alta absorbencia<\/strong>\u00a0garantiza una limpieza eficaz con menos hojas utilizadas<br data-start=\"726\" data-end=\"729\" \/>\u2714\u00a0<strong data-start=\"731\" data-end=\"758\">Paquete grande de 120 rollos<\/strong>\u00a0ideal para el hogar, la oficina o grandes hogares<br data-start=\"802\" data-end=\"805\" data-is-only-node=\"\" \/>\u2714\u00a0<strong data-start=\"807\" data-end=\"833\">Envases ecol\u00f3gicos<\/strong>\u00a0por una soluci\u00f3n sostenible<\/p>\n<p data-start=\"528\" data-end=\"862\"><img decoding=\"async\" src=\"https:\/\/cdn.shopify.com\/s\/files\/1\/0876\/5286\/0252\/files\/1751360957f1598fbb1cb4ef615c6d81dd0826f5b7_thumbnail_748x_c05e915b-137b-41b9-8630-f14a8df84229.webp?v=1755655979\" alt=\"\" \/><\/p>\n<p data-start=\"864\" data-end=\"878\"><strong data-start=\"864\" data-end=\"876\">Detalles:<\/strong><\/p>\n<ul data-start=\"879\" data-end=\"1059\">\n<li data-start=\"879\" data-end=\"907\">\n<p data-start=\"881\" data-end=\"907\"><strong data-start=\"881\" data-end=\"895\">Tama\u00f1o del paquete:<\/strong>\u00a0120 Rollos<\/p>\n<\/li>\n<li data-start=\"908\" data-end=\"957\">\n<p data-start=\"910\" data-end=\"957\"><strong data-start=\"910\" data-end=\"918\">Ply:<\/strong>\u00a03 capas para mayor comodidad y resistencia<\/p>\n<\/li>\n<li data-start=\"958\" data-end=\"1000\">\n<p data-start=\"960\" data-end=\"1000\"><strong data-start=\"960\" data-end=\"973\">Material:<\/strong>\u00a0Papel suave de alta calidad<\/p>\n<\/li>\n<li data-start=\"1001\" data-end=\"1059\">\n<p data-start=\"1003\" data-end=\"1059\"><strong data-start=\"1003\" data-end=\"1011\">\u00dasalo:<\/strong>\u00a0Ideal para el hogar, la oficina y las instalaciones p\u00fablicas<\/p>\n<\/li>\n<\/ul>\n<p data-start=\"1061\" data-end=\"1305\"><strong data-start=\"1061\" data-end=\"1100\">\u00bfPor qu\u00e9 elegir los rollos higi\u00e9nicos Luxury Evo?<\/strong><br data-start=\"1100\" data-end=\"1103\" \/>En\u00a0<strong data-start=\"1107\" data-end=\"1140\">Rollos higi\u00e9nicos Luxury Evo 3 capas<\/strong>\u00a0proporcionan la combinaci\u00f3n perfecta de resistencia, suavidad y absorbencia. Disfrute de una experiencia de lujo con cada uso, mientras se beneficia del valor de un paquete grande.<\/p>","protected":false},"excerpt":{"rendered":"<p>Enjoy the ultimate in comfort and quality with\u00a0Luxury Evo Toilet Rolls 3-Ply. Crafted for a soft, yet strong experience, these&#8230;<\/p>","protected":false},"featured_media":12922,"comment_status":"open","ping_status":"closed","template":"","meta":{"_acf_changed":false},"etheme_brands":[],"product_brand":[],"product_cat":[118],"product_tag":[],"class_list":{"0":"post-12919","1":"product","2":"type-product","3":"status-publish","4":"has-post-thumbnail","6":"product_cat-sale-shop","8":"first","9":"instock","10":"sale","11":"shipping-taxable","12":"purchasable","13":"product-type-simple"},"acf":[],"_links":{"self":[{"href":"https:\/\/goodsmarketplaces.shop\/es\/wp-json\/wp\/v2\/product\/12919","targetHints":{"allow":["GET"]}}],"collection":[{"href":"https:\/\/goodsmarketplaces.shop\/es\/wp-json\/wp\/v2\/product"}],"about":[{"href":"https:\/\/goodsmarketplaces.shop\/es\/wp-json\/wp\/v2\/types\/product"}],"replies":[{"embeddable":true,"href":"https:\/\/goodsmarketplaces.shop\/es\/wp-json\/wp\/v2\/comments?post=12919"}],"version-history":[{"count":1,"href":"https:\/\/goodsmarketplaces.shop\/es\/wp-json\/wp\/v2\/product\/12919\/revisions"}],"predecessor-version":[{"id":12924,"href":"https:\/\/goodsmarketplaces.shop\/es\/wp-json\/wp\/v2\/product\/12919\/revisions\/12924"}],"wp:featuredmedia":[{"embeddable":true,"href":"https:\/\/goodsmarketplaces.shop\/es\/wp-json\/wp\/v2\/media\/12922"}],"wp:attachment":[{"href":"https:\/\/goodsmarketplaces.shop\/es\/wp-json\/wp\/v2\/media?parent=12919"}],"wp:term":[{"taxonomy":"brand","embeddable":true,"href":"https:\/\/goodsmarketplaces.shop\/es\/wp-json\/wp\/v2\/etheme_brands?post=12919"},{"taxonomy":"product_brand","embeddable":true,"href":"https:\/\/goodsmarketplaces.shop\/es\/wp-json\/wp\/v2\/product_brand?post=12919"},{"taxonomy":"product_cat","embeddable":true,"href":"https:\/\/goodsmarketplaces.shop\/es\/wp-json\/wp\/v2\/product_cat?post=12919"},{"taxonomy":"product_tag","embeddable":true,"href":"https:\/\/goodsmarketplaces.shop\/es\/wp-json\/wp\/v2\/product_tag?post=12919"}],"curies":[{"name":"wp","href":"https:\/\/api.w.org\/{rel}","templated":true}]}}