{"id":12707,"date":"2026-01-23T16:21:46","date_gmt":"2026-01-23T16:21:46","guid":{"rendered":"https:\/\/goodsmarketplaces.shop\/?post_type=product&#038;p=12707"},"modified":"2026-03-05T22:29:27","modified_gmt":"2026-03-05T22:29:27","slug":"pritom-10-1-android-15-tablet-with-keyboard-mouse-stylus-case-kickstand-64gb-6000mah-battery","status":"publish","type":"product","link":"https:\/\/goodsmarketplaces.shop\/es\/producto\/pritom-10-1-android-15-tablet-with-keyboard-mouse-stylus-case-kickstand-64gb-6000mah-battery\/","title":{"rendered":"PRITOM 10.1\u2033 Tablet Android 15 con teclado, rat\u00f3n, l\u00e1piz \u00f3ptico, funda y soporte - 64GB, bater\u00eda de 6000mAh"},"content":{"rendered":"<p><strong>Compatibilidad WiFi 5G<\/strong><\/p>\n<p>Con\u00e9ctate sin problemas con WiFi 5G de alta velocidad, lo que garantiza un acceso a Internet r\u00e1pido y fiable para navegar, hacer streaming y mucho m\u00e1s.<\/p>\n<p><strong>Procesador de cuatro n\u00facleos<\/strong><\/p>\n<p>Con un robusto procesador de cuatro n\u00facleos, esta tableta garantiza una multitarea fluida y un inicio r\u00e1pido de las aplicaciones para una experiencia de usuario eficiente.<\/p>\n<p><strong>Sistema operativo Android 15<\/strong><\/p>\n<p>Esta tableta, que funciona con el \u00faltimo sistema operativo Android 15, proporciona acceso a un amplio ecosistema de aplicaciones y servicios que te mantendr\u00e1n conectado y entretenido.<\/p>\n<p><strong>Sistema de doble c\u00e1mara<\/strong><\/p>\n<p>Equipada con una c\u00e1mara frontal de 2 MP y una trasera de 8 MP, esta tableta captura fotos y v\u00eddeos n\u00edtidos, lo que la hace perfecta para compartir momentos sobre la marcha.<\/p>\n<p><strong>12 GB de RAM + 64 GB de almacenamiento<\/strong><\/p>\n<p>Con 12 GB de RAM y 64 GB de almacenamiento, esta tableta ofrece un amplio espacio para aplicaciones, juegos y contenido multimedia, mientras que la memoria ampliable permite almacenar m\u00e1s contenido.<\/p>\n<p><img decoding=\"async\" src=\"https:\/\/ae01.alicdn.com\/kf\/S60767a57c2df4cd9a0d64489b344ba33r.jpg\" \/><img decoding=\"async\" src=\"https:\/\/ae01.alicdn.com\/kf\/Sd1a224e4f7724e448f40b679b95cefd5o.jpg\" \/><img decoding=\"async\" src=\"https:\/\/ae01.alicdn.com\/kf\/Sab55e54da7be41658cd6abd2ff01e888L.jpg\" \/><img decoding=\"async\" src=\"https:\/\/ae01.alicdn.com\/kf\/Se50fb287666f481e87b09763dfe6c246j.jpg\" \/><\/p>\n<p><img decoding=\"async\" src=\"https:\/\/ae01.alicdn.com\/kf\/Sb419a93f0481467082ba36478d16aba1O.jpg\" \/><img decoding=\"async\" src=\"https:\/\/ae01.alicdn.com\/kf\/Scf18e7173af6435f9732bc3b1e76f5c8p.jpg\" \/><\/p>","protected":false},"excerpt":{"rendered":"<p>5G WiFi Compatibility Connect seamlessly with high-speed 5G WiFi, ensuring fast and reliable internet access for browsing, streaming, and more&#8230;.<\/p>","protected":false},"featured_media":12756,"comment_status":"open","ping_status":"closed","template":"","meta":{"_acf_changed":false},"etheme_brands":[],"product_brand":[],"product_cat":[118],"product_tag":[],"class_list":{"0":"post-12707","1":"product","2":"type-product","3":"status-publish","4":"has-post-thumbnail","6":"product_cat-sale-shop","8":"first","9":"instock","10":"sale","11":"shipping-taxable","12":"purchasable","13":"product-type-simple"},"acf":[],"_links":{"self":[{"href":"https:\/\/goodsmarketplaces.shop\/es\/wp-json\/wp\/v2\/product\/12707","targetHints":{"allow":["GET"]}}],"collection":[{"href":"https:\/\/goodsmarketplaces.shop\/es\/wp-json\/wp\/v2\/product"}],"about":[{"href":"https:\/\/goodsmarketplaces.shop\/es\/wp-json\/wp\/v2\/types\/product"}],"replies":[{"embeddable":true,"href":"https:\/\/goodsmarketplaces.shop\/es\/wp-json\/wp\/v2\/comments?post=12707"}],"version-history":[{"count":1,"href":"https:\/\/goodsmarketplaces.shop\/es\/wp-json\/wp\/v2\/product\/12707\/revisions"}],"predecessor-version":[{"id":12744,"href":"https:\/\/goodsmarketplaces.shop\/es\/wp-json\/wp\/v2\/product\/12707\/revisions\/12744"}],"wp:featuredmedia":[{"embeddable":true,"href":"https:\/\/goodsmarketplaces.shop\/es\/wp-json\/wp\/v2\/media\/12756"}],"wp:attachment":[{"href":"https:\/\/goodsmarketplaces.shop\/es\/wp-json\/wp\/v2\/media?parent=12707"}],"wp:term":[{"taxonomy":"brand","embeddable":true,"href":"https:\/\/goodsmarketplaces.shop\/es\/wp-json\/wp\/v2\/etheme_brands?post=12707"},{"taxonomy":"product_brand","embeddable":true,"href":"https:\/\/goodsmarketplaces.shop\/es\/wp-json\/wp\/v2\/product_brand?post=12707"},{"taxonomy":"product_cat","embeddable":true,"href":"https:\/\/goodsmarketplaces.shop\/es\/wp-json\/wp\/v2\/product_cat?post=12707"},{"taxonomy":"product_tag","embeddable":true,"href":"https:\/\/goodsmarketplaces.shop\/es\/wp-json\/wp\/v2\/product_tag?post=12707"}],"curies":[{"name":"wp","href":"https:\/\/api.w.org\/{rel}","templated":true}]}}