{"id":12668,"date":"2026-01-23T16:00:11","date_gmt":"2026-01-23T16:00:11","guid":{"rendered":"https:\/\/goodsmarketplaces.shop\/?post_type=product&#038;p=12668"},"modified":"2026-01-23T20:44:24","modified_gmt":"2026-01-23T20:44:24","slug":"120w-50000mah-portable-power-bank-with-built-in-cables-led-light","status":"publish","type":"product","link":"https:\/\/goodsmarketplaces.shop\/es\/producto\/120w-50000mah-portable-power-bank-with-built-in-cables-led-light\/","title":{"rendered":"120W 50000mAh Banco de energ\u00eda port\u00e1til con cables incorporados y luz LED"},"content":{"rendered":"<div class=\"detailmodule_text\">\n<p class=\"detail-desc-decorate-content\">Este producto puede cargar de forma inteligente tel\u00e9fonos m\u00f3viles y tabletas, \u00a1y no hay protocolo de carga para ordenadores port\u00e1tiles! \u00a1Puede cargar varios tel\u00e9fonos m\u00f3viles simult\u00e1neamente!<br \/>\nEspecificaciones:<br \/>\nCaracter\u00edsticas: Tres interfaces, pantalla digital<br \/>\nSoporta tecnolog\u00eda de carga r\u00e1pida: Carga r\u00e1pida bidireccional<br \/>\nInterfaz de entrada: Micro USB,USB Tipo C<br \/>\nInterfaz de salida: 4 USB-A,USB-Tipo C<br \/>\nTipo de bater\u00eda: Bater\u00eda de pol\u00edmero de litio<br \/>\nCertificaci\u00f3n: CE<br \/>\nEntrada m\u00e1x: 120W<\/p>\n<p>Embalaje incluido:<br \/>\n1 x Power Bank<br \/>\n1 x Caja<\/p>\n<p>Especificaciones:<\/p>\n<p>Capacidad: Con una asombrosa capacidad de 100.000 mAh, esta bater\u00eda externa te garantiza que nunca te quedar\u00e1s sin bater\u00eda, por muy hambrientos de energ\u00eda que est\u00e9n tus dispositivos. Si usted est\u00e1 en un largo viaje, viaje de campamento, o simplemente navegar por un d\u00eda ajetreado, este banco de energ\u00eda proporciona energ\u00eda suficiente para mantener sus dispositivos cargados varias veces sin necesidad de recargas frecuentes.<\/p>\n<p>2. Compatibilidad:<br \/>\nDise\u00f1ada pensando en la versatilidad, esta bater\u00eda externa es compatible con una amplia gama de dispositivos, como smartphones, tabletas, auriculares Bluetooth, etc. Es totalmente compatible con dispositivos Huawei, Xiaomi y Samsung, lo que garantiza una experiencia de carga fluida en distintas marcas y modelos. Tanto si tienes el \u00faltimo buque insignia de los smartphones como un dispositivo econ\u00f3mico, esta bater\u00eda te cubre las espaldas.<\/p>\n<p>3. Funciones de seguridad avanzadas:<br \/>\nLa seguridad es primordial cuando se trata de cargar dispositivos, por eso esta bater\u00eda est\u00e1 equipada con funciones de seguridad avanzadas para proteger tanto los dispositivos como la propia bater\u00eda. Las protecciones integradas, como la protecci\u00f3n contra sobrecarga, la protecci\u00f3n contra cortocircuitos y los mecanismos de control de temperatura, garantizan que tus dispositivos se carguen de forma segura y eficiente, sin riesgo de da\u00f1os por picos de tensi\u00f3n o sobrecalentamiento.<\/p>\n<p>4. Dise\u00f1o compacto y port\u00e1til:<br \/>\nA pesar de su enorme capacidad, esta bater\u00eda es sorprendentemente compacta y ligera, lo que la hace ideal para viajes, aventuras al aire libre o el uso diario. Su dise\u00f1o elegante y ergon\u00f3mico cabe c\u00f3modamente en la mano o el bolsillo, lo que le permite llevarlo con facilidad dondequiera que vaya. Tanto si se desplaza al trabajo, como si explora la naturaleza o simplemente se relaja en casa, esta bater\u00eda le proporcionar\u00e1 energ\u00eda de reserva siempre que la necesite.<\/p>\n<p>5. Luces indicadoras LED:<br \/>\nMant\u00e9ngase informado de la capacidad restante de la bater\u00eda de su power bank de un vistazo con las luces indicadoras LED incorporadas. Estas luces intuitivas muestran el nivel de carga actual para que nunca te pille desprevenido una bater\u00eda agotada. Tanto si necesitas recargar la bater\u00eda como si quieres priorizar qu\u00e9 dispositivos cargar primero, los indicadores LED te informar\u00e1n en tiempo real para que est\u00e9s preparado.<\/p>\n<\/div>\n<div class=\"detailmodule_image\"><img decoding=\"async\" class=\"detail-desc-decorate-image\" src=\"https:\/\/ae01.alicdn.com\/kf\/S851dae60b3d04ea9a802fb3de493bf13W.jpg?width=1000&amp;height=1000&amp;hash=2000\" data-id=\"ckeditor_img24\" \/>\u00a0<img decoding=\"async\" class=\"detail-desc-decorate-image\" src=\"https:\/\/ae01.alicdn.com\/kf\/S53cb16f7700b4495ad59cd3447fd4a1aJ.jpg?width=1000&amp;height=1000&amp;hash=2000\" data-id=\"ckeditor_img25\" \/>\u00a0<img decoding=\"async\" class=\"detail-desc-decorate-image\" src=\"https:\/\/ae01.alicdn.com\/kf\/S043fa1ae784344c8a408f25d3b2ec5a1F.jpg?width=1000&amp;height=1000&amp;hash=2000\" data-id=\"ckeditor_img26\" \/>\u00a0<img decoding=\"async\" class=\"detail-desc-decorate-image\" src=\"https:\/\/ae01.alicdn.com\/kf\/S1a94727fa7874743bc0d0d025b73f072R.jpg?width=1000&amp;height=1000&amp;hash=2000\" data-id=\"ckeditor_img27\" \/>\u00a0<img decoding=\"async\" class=\"detail-desc-decorate-image\" src=\"https:\/\/ae01.alicdn.com\/kf\/S11d5908165624d43bd30203348d2f21dh.jpg?width=1000&amp;height=1000&amp;hash=2000\" data-id=\"ckeditor_img28\" \/>\u00a0<img decoding=\"async\" class=\"detail-desc-decorate-image\" src=\"https:\/\/ae01.alicdn.com\/kf\/S7904c851c78541a588f20a850bd730d4c.jpg?width=1000&amp;height=1000&amp;hash=2000\" data-id=\"ckeditor_img29\" \/><\/div>\n<div class=\"detailmodule_image\"><img decoding=\"async\" class=\"detail-desc-decorate-image\" src=\"https:\/\/ae01.alicdn.com\/kf\/S1b4711088dde4e37b47362de9f9c52f5N.jpg?width=1000&amp;height=2015&amp;hash=3015\" data-id=\"ckeditor_img30\" \/>\u00a0<img decoding=\"async\" class=\"detail-desc-decorate-image\" src=\"https:\/\/ae01.alicdn.com\/kf\/Sc1ca0d31ae4245cab69774a3e8a80ef9N.jpg?width=1000&amp;height=2135&amp;hash=3135\" data-id=\"ckeditor_img31\" \/>\u00a0<img decoding=\"async\" class=\"detail-desc-decorate-image\" src=\"https:\/\/ae01.alicdn.com\/kf\/S604ca680a7f3403886be9c4a2734f229E.jpg?width=1000&amp;height=2128&amp;hash=3128\" data-id=\"ckeditor_img32\" \/>\u00a0<img decoding=\"async\" class=\"detail-desc-decorate-image\" src=\"https:\/\/ae01.alicdn.com\/kf\/S2a75ce7398784588a2bf6472257c9b1ev.jpg?width=1000&amp;height=1815&amp;hash=2815\" data-id=\"ckeditor_img33\" \/>\u00a0<img decoding=\"async\" class=\"detail-desc-decorate-image\" src=\"https:\/\/ae01.alicdn.com\/kf\/Sbd78625e45db4386911e7170e2659c02a.jpg?width=1000&amp;height=2268&amp;hash=3268\" data-id=\"ckeditor_img34\" \/>\u00a0<img decoding=\"async\" class=\"detail-desc-decorate-image\" src=\"https:\/\/ae01.alicdn.com\/kf\/Sc0b15f173ce24597a6001a95b02de80dJ.jpg?width=1000&amp;height=834&amp;hash=1834\" data-id=\"ckeditor_img35\" \/>\u00a0<img decoding=\"async\" class=\"detail-desc-decorate-image\" src=\"https:\/\/ae01.alicdn.com\/kf\/S706c0fcb65de47568e35666235f9eb78j.jpg?width=1000&amp;height=834&amp;hash=1834\" data-id=\"ckeditor_img36\" \/>\u00a0<img decoding=\"async\" class=\"detail-desc-decorate-image\" src=\"https:\/\/ae01.alicdn.com\/kf\/S9dd63f751d6646c7ad8c4252fe56270b6.jpg?width=1000&amp;height=2154&amp;hash=3154\" data-id=\"ckeditor_img37\" \/>\u00a0<img decoding=\"async\" class=\"detail-desc-decorate-image\" src=\"https:\/\/ae01.alicdn.com\/kf\/Sedea7fac11b945f18fccfe0f4a52fb4fL.jpg?width=1000&amp;height=2338&amp;hash=3338\" data-id=\"ckeditor_img38\" \/>\u00a0<img decoding=\"async\" class=\"detail-desc-decorate-image\" src=\"https:\/\/ae01.alicdn.com\/kf\/Se7398eb05504443c9b61cfefa471b767L.jpg?width=1000&amp;height=1723&amp;hash=2723\" data-id=\"ckeditor_img39\" \/><\/div>\n<div class=\"detailmodule_image\"><img decoding=\"async\" class=\"detail-desc-decorate-image\" src=\"https:\/\/ae01.alicdn.com\/kf\/S5c596021572b4c5297389aa2806108ddX.jpg?width=1000&amp;height=642&amp;hash=1642\" data-id=\"ckeditor_img40\" \/>\u00a0<img decoding=\"async\" class=\"detail-desc-decorate-image\" src=\"https:\/\/ae01.alicdn.com\/kf\/Sc5de9920d0444d04a2f47bc4f20a8a66i.jpg?width=1000&amp;height=1875&amp;hash=2875\" data-id=\"ckeditor_img41\" \/>\u00a0<img decoding=\"async\" class=\"detail-desc-decorate-image\" src=\"https:\/\/ae01.alicdn.com\/kf\/Sb122f1fa2c8342b5bfb89fb03540ba1by.jpg?width=800&amp;height=800&amp;hash=1600\" data-id=\"ckeditor_img42\" \/>\u00a0<img decoding=\"async\" class=\"detail-desc-decorate-image\" src=\"https:\/\/ae01.alicdn.com\/kf\/S4f4806371af74f6fbc78a21a739f7f742.jpg?width=800&amp;height=800&amp;hash=1600\" data-id=\"ckeditor_img43\" \/><\/div>","protected":false},"excerpt":{"rendered":"<p>This product can intelligently charge mobile phones and tablets, and there is no charging protocol for laptops! You can charge&#8230;<\/p>","protected":false},"featured_media":12696,"comment_status":"open","ping_status":"closed","template":"","meta":{"_acf_changed":false},"etheme_brands":[],"product_brand":[],"product_cat":[118],"product_tag":[],"class_list":{"0":"post-12668","1":"product","2":"type-product","3":"status-publish","4":"has-post-thumbnail","6":"product_cat-sale-shop","8":"first","9":"instock","10":"sale","11":"shipping-taxable","12":"purchasable","13":"product-type-variable","14":"wvs-archive-product-wrapper"},"acf":[],"_links":{"self":[{"href":"https:\/\/goodsmarketplaces.shop\/es\/wp-json\/wp\/v2\/product\/12668","targetHints":{"allow":["GET"]}}],"collection":[{"href":"https:\/\/goodsmarketplaces.shop\/es\/wp-json\/wp\/v2\/product"}],"about":[{"href":"https:\/\/goodsmarketplaces.shop\/es\/wp-json\/wp\/v2\/types\/product"}],"replies":[{"embeddable":true,"href":"https:\/\/goodsmarketplaces.shop\/es\/wp-json\/wp\/v2\/comments?post=12668"}],"version-history":[{"count":3,"href":"https:\/\/goodsmarketplaces.shop\/es\/wp-json\/wp\/v2\/product\/12668\/revisions"}],"predecessor-version":[{"id":12702,"href":"https:\/\/goodsmarketplaces.shop\/es\/wp-json\/wp\/v2\/product\/12668\/revisions\/12702"}],"wp:featuredmedia":[{"embeddable":true,"href":"https:\/\/goodsmarketplaces.shop\/es\/wp-json\/wp\/v2\/media\/12696"}],"wp:attachment":[{"href":"https:\/\/goodsmarketplaces.shop\/es\/wp-json\/wp\/v2\/media?parent=12668"}],"wp:term":[{"taxonomy":"brand","embeddable":true,"href":"https:\/\/goodsmarketplaces.shop\/es\/wp-json\/wp\/v2\/etheme_brands?post=12668"},{"taxonomy":"product_brand","embeddable":true,"href":"https:\/\/goodsmarketplaces.shop\/es\/wp-json\/wp\/v2\/product_brand?post=12668"},{"taxonomy":"product_cat","embeddable":true,"href":"https:\/\/goodsmarketplaces.shop\/es\/wp-json\/wp\/v2\/product_cat?post=12668"},{"taxonomy":"product_tag","embeddable":true,"href":"https:\/\/goodsmarketplaces.shop\/es\/wp-json\/wp\/v2\/product_tag?post=12668"}],"curies":[{"name":"wp","href":"https:\/\/api.w.org\/{rel}","templated":true}]}}