{"id":12524,"date":"2026-01-23T14:44:50","date_gmt":"2026-01-23T14:44:50","guid":{"rendered":"https:\/\/goodsmarketplaces.shop\/?post_type=product&#038;p=12524"},"modified":"2026-01-23T20:26:16","modified_gmt":"2026-01-23T20:26:16","slug":"indoor-tv-antenna-360-long-range-4k-hdtv-reception","status":"publish","type":"product","link":"https:\/\/goodsmarketplaces.shop\/es\/producto\/indoor-tv-antenna-360-long-range-4k-hdtv-reception\/","title":{"rendered":"Antena de TV de interior - Recepci\u00f3n HDTV 4K de largo alcance 360"},"content":{"rendered":"<ul class=\"a-unordered-list a-vertical a-spacing-mini\">\n<li class=\"a-spacing-mini\"><span class=\"a-list-item\">\ud83d\udd4e\u3010TV ANTENA PARA CANALES LOCALES\u3011 no m\u00e1s necesidad de pagar una factura enorme en la televisi\u00f3n. Puede recibir canales Full HD como ABC, CBS, NBC, PBC, Fox y mucho m\u00e1s. Soporta 4K 1080p, y otros formatos digitales.<\/span><\/li>\n<li class=\"a-spacing-mini\"><span class=\"a-list-item\">\ud83d\udd4e\u3010 HASTA 200 MILLAS DE RANGO\u3011Nuestras antenas de TV son de la m\u00e1s alta calidad y tienen un rango de se\u00f1al extremadamente amplio, hasta 200 millas de recepci\u00f3n. Adopta Chip IC Inteligente actualizado que puede recibir se\u00f1ales de 360 \u00b0 y filtrar las se\u00f1ales celulares y FM, proporcion\u00e1ndole una imagen m\u00e1s clara y una alta calidad de voz al tiempo que minimiza el ruido. Esto le dar\u00e1 una experiencia de visualizaci\u00f3n cristalina de todos los principales canales de alta definici\u00f3n.<\/span><\/li>\n<li class=\"a-spacing-mini\"><span class=\"a-list-item\">\ud83d\udd4e\u3010FULL HD CHANNELS\u3011La antena digital no solo admite el uso en interiores y exteriores, sino que tambi\u00e9n se puede utilizar con mal tiempo. No se ve afectada por las tormentas el\u00e9ctricas. P\u00e9guela f\u00e1cilmente en la pared y en la mesa\/ use nylon para fijar la antena al aire libre\/ use tornillos para fijar la antena en la pared. Cuelgue la antena en una ventana o al aire libre para ayudarle a obtener una recepci\u00f3n de se\u00f1al m\u00e1s estable y fuerte.<\/span><\/li>\n<li class=\"a-spacing-mini\"><span class=\"a-list-item\">\ud83d\udd4e\u3010F\u00c1CIL INSTALACI\u00d3N\u30111. Conecte la antena a \u2018CABLE-ANT IN\u2019 en la parte posterior de cualquier televisor de alta definici\u00f3n;2. Coloque la antena - en la mesa, pared o ventana (muy recomendable);3. Busque canales utilizando la \u2018B\u00fasqueda de canales\u2019 de su televisor y disfrute de TV Full HD gratis.<\/span><\/li>\n<\/ul>\n<p><img decoding=\"async\" src=\"https:\/\/ae01.alicdn.com\/kf\/Sf64bf706130742238323b10d8137b223a.jpg\" \/><img decoding=\"async\" src=\"https:\/\/ae01.alicdn.com\/kf\/S9c14a43624c64f6991bbce6441d1fe37B.jpg\" \/><img decoding=\"async\" src=\"https:\/\/ae01.alicdn.com\/kf\/S783866a7a4304a209072d46fa1b957f4d.jpg?width=750&amp;height=797&amp;hash=1547\" \/><img decoding=\"async\" src=\"https:\/\/ae01.alicdn.com\/kf\/S3954dbc3c5f04dcb82a90346b473eb8a5.jpg?width=750&amp;height=758&amp;hash=1508\" \/><img decoding=\"async\" src=\"https:\/\/ae01.alicdn.com\/kf\/S6f65b9d97cce42a288a9579fa48cc9a5s.jpg\" \/><img decoding=\"async\" src=\"https:\/\/ae01.alicdn.com\/kf\/Sf346cc7f1a0045c7bb53ee032799aa85b.jpg?width=1000&amp;height=1444&amp;hash=2444\" \/><img decoding=\"async\" src=\"https:\/\/ae01.alicdn.com\/kf\/S8813ed06fa0e47bf8de53774a9cc35d3b.jpg\" \/><img decoding=\"async\" src=\"https:\/\/ae01.alicdn.com\/kf\/Se74740c2d2cb41478b2341d1854bdd68K.jpg\" \/><\/p>","protected":false},"excerpt":{"rendered":"<p>\ud83d\udd4e\u3010TV ANTENNA FOR LOCAL CHANNELS\u3011 no more need to pay a HUGE bill on TV. You can receive full HD&#8230;<\/p>","protected":false},"featured_media":12565,"comment_status":"open","ping_status":"closed","template":"","meta":{"_acf_changed":false},"etheme_brands":[],"product_brand":[],"product_cat":[118],"product_tag":[],"class_list":{"0":"post-12524","1":"product","2":"type-product","3":"status-publish","4":"has-post-thumbnail","6":"product_cat-sale-shop","8":"first","9":"instock","10":"sale","11":"shipping-taxable","12":"purchasable","13":"product-type-variable","14":"wvs-archive-product-wrapper"},"acf":[],"_links":{"self":[{"href":"https:\/\/goodsmarketplaces.shop\/es\/wp-json\/wp\/v2\/product\/12524","targetHints":{"allow":["GET"]}}],"collection":[{"href":"https:\/\/goodsmarketplaces.shop\/es\/wp-json\/wp\/v2\/product"}],"about":[{"href":"https:\/\/goodsmarketplaces.shop\/es\/wp-json\/wp\/v2\/types\/product"}],"replies":[{"embeddable":true,"href":"https:\/\/goodsmarketplaces.shop\/es\/wp-json\/wp\/v2\/comments?post=12524"}],"version-history":[{"count":1,"href":"https:\/\/goodsmarketplaces.shop\/es\/wp-json\/wp\/v2\/product\/12524\/revisions"}],"predecessor-version":[{"id":12564,"href":"https:\/\/goodsmarketplaces.shop\/es\/wp-json\/wp\/v2\/product\/12524\/revisions\/12564"}],"wp:featuredmedia":[{"embeddable":true,"href":"https:\/\/goodsmarketplaces.shop\/es\/wp-json\/wp\/v2\/media\/12565"}],"wp:attachment":[{"href":"https:\/\/goodsmarketplaces.shop\/es\/wp-json\/wp\/v2\/media?parent=12524"}],"wp:term":[{"taxonomy":"brand","embeddable":true,"href":"https:\/\/goodsmarketplaces.shop\/es\/wp-json\/wp\/v2\/etheme_brands?post=12524"},{"taxonomy":"product_brand","embeddable":true,"href":"https:\/\/goodsmarketplaces.shop\/es\/wp-json\/wp\/v2\/product_brand?post=12524"},{"taxonomy":"product_cat","embeddable":true,"href":"https:\/\/goodsmarketplaces.shop\/es\/wp-json\/wp\/v2\/product_cat?post=12524"},{"taxonomy":"product_tag","embeddable":true,"href":"https:\/\/goodsmarketplaces.shop\/es\/wp-json\/wp\/v2\/product_tag?post=12524"}],"curies":[{"name":"wp","href":"https:\/\/api.w.org\/{rel}","templated":true}]}}